{"id":3713,"date":"2025-02-04T12:24:29","date_gmt":"2025-02-04T11:24:29","guid":{"rendered":"https:\/\/www.leclosdesperles.com\/?page_id=3713"},"modified":"2025-05-22T12:06:55","modified_gmt":"2025-05-22T10:06:55","slug":"cave-in-the-var","status":"publish","type":"page","link":"https:\/\/www.leclosdesperles.com\/en\/typical-provence-village\/cave-in-the-var\/","title":{"rendered":"Villecroze"},"content":{"rendered":"<div data-elementor-type=\"wp-page\" data-elementor-id=\"3713\" class=\"elementor elementor-3713\" data-elementor-post-type=\"page\">\n\t\t\t\t<div class=\"elementor-element elementor-element-5152dd76 e-con-full e-flex e-con e-parent\" data-id=\"5152dd76\" data-element_type=\"container\" id=\"top\" data-settings=\"{&quot;background_background&quot;:&quot;classic&quot;}\">\n\t\t\t\t<div class=\"elementor-element elementor-element-337d6633 elementor-widget elementor-widget-heading\" data-id=\"337d6633\" data-element_type=\"widget\" data-widget_type=\"heading.default\">\n\t\t\t\t<div class=\"elementor-widget-container\">\n\t\t\t\t\t<span class=\"elementor-heading-title elementor-size-default\">Villecroze<\/span>\t\t\t\t<\/div>\n\t\t\t\t<\/div>\n\t\t\t\t<div class=\"elementor-element elementor-element-6215397 elementor-widget elementor-widget-heading\" data-id=\"6215397\" data-element_type=\"widget\" data-widget_type=\"heading.default\">\n\t\t\t\t<div class=\"elementor-widget-container\">\n\t\t\t\t\t<h1 class=\"elementor-heading-title elementor-size-default\">and its caves in the Var<\/h1>\t\t\t\t<\/div>\n\t\t\t\t<\/div>\n\t\t\t\t<\/div>\n\t\t<div class=\"elementor-element elementor-element-1a17b6c0 e-con-full e-flex e-con e-parent\" data-id=\"1a17b6c0\" data-element_type=\"container\" id=\"first-content\">\n\t\t<div class=\"elementor-element elementor-element-7aec88e9 e-con-full e-flex e-con e-child\" data-id=\"7aec88e9\" data-element_type=\"container\">\n\t\t\t\t<div class=\"elementor-element elementor-element-17d7a66f elementor-widget elementor-widget-heading\" data-id=\"17d7a66f\" data-element_type=\"widget\" data-widget_type=\"heading.default\">\n\t\t\t\t<div class=\"elementor-widget-container\">\n\t\t\t\t\t<h2 class=\"elementor-heading-title elementor-size-default\">Caves in the Var: discover Villecroze\n<\/h2>\t\t\t\t<\/div>\n\t\t\t\t<\/div>\n\t\t\t\t<div class=\"elementor-element elementor-element-4a9a8b5 elementor-widget elementor-widget-text-editor\" data-id=\"4a9a8b5\" data-element_type=\"widget\" data-widget_type=\"text-editor.default\">\n\t\t\t\t<div class=\"elementor-widget-container\">\n\t\t\t\t\t\t\t\t\t<p>Villecroze, a little gem in the Haut-Var, is a picturesque village where history and nature meet in harmony. Its cobbled streets, stone houses and shady squares create a typically Provencal atmosphere. Listed as a village of character, it offers a peaceful setting ideal for an authentic getaway.<\/p>\t\t\t\t\t\t\t\t<\/div>\n\t\t\t\t<\/div>\n\t\t\t\t<div class=\"elementor-element elementor-element-35018df elementor-widget elementor-widget-heading\" data-id=\"35018df\" data-element_type=\"widget\" data-widget_type=\"heading.default\">\n\t\t\t\t<div class=\"elementor-widget-container\">\n\t\t\t\t\t<h2 class=\"elementor-heading-title elementor-size-default\">A unique troglodyte site\n<\/h2>\t\t\t\t<\/div>\n\t\t\t\t<\/div>\n\t\t\t\t<div class=\"elementor-element elementor-element-f65d0eb elementor-widget elementor-widget-text-editor\" data-id=\"f65d0eb\" data-element_type=\"widget\" data-widget_type=\"text-editor.default\">\n\t\t\t\t<div class=\"elementor-widget-container\">\n\t\t\t\t\t\t\t\t\t<p>One of Villecroze's greatest treasures is its famous\u00a0<em>cave in the Var<\/em>. Set in lush parkland, this impressive geological formation is home to natural caves that have been used as shelters since the Middle Ages. Carved out of a tufa cliff, the cave served as a fortress before becoming a fascinating tourist site to explore. Its underground network, petrified waterfalls and captivating history make it a must-see.<\/p>\t\t\t\t\t\t\t\t<\/div>\n\t\t\t\t<\/div>\n\t\t\t\t<div class=\"elementor-element elementor-element-115d6aa elementor-widget elementor-widget-heading\" data-id=\"115d6aa\" data-element_type=\"widget\" data-widget_type=\"heading.default\">\n\t\t\t\t<div class=\"elementor-widget-container\">\n\t\t\t\t\t<h2 class=\"elementor-heading-title elementor-size-default\">Unspoilt nature and outdoor activities\n<\/h2>\t\t\t\t<\/div>\n\t\t\t\t<\/div>\n\t\t\t\t<div class=\"elementor-element elementor-element-ed4c0b1 elementor-widget elementor-widget-text-editor\" data-id=\"ed4c0b1\" data-element_type=\"widget\" data-widget_type=\"text-editor.default\">\n\t\t\t\t<div class=\"elementor-widget-container\">\n\t\t\t\t\t\t\t\t\t<div id=\"first-content\" class=\"elementor-element elementor-element-49648ee e-flex e-con-boxed e-con e-parent e-lazyloaded\" data-id=\"49648ee\" data-element_type=\"container\"><div class=\"e-con-inner\"><div class=\"elementor-element elementor-element-c342590 elementor-widget elementor-widget-theme-post-content\" data-id=\"c342590\" data-element_type=\"widget\" data-widget_type=\"theme-post-content.default\"><div class=\"elementor-widget-container\"><div class=\"elementor elementor-3757\" data-elementor-type=\"wp-post\" data-elementor-id=\"3757\" data-elementor-post-type=\"post\"><div class=\"elementor-element elementor-element-2f9367b8 e-flex e-con-boxed e-con e-parent e-lazyloaded\" data-id=\"2f9367b8\" data-element_type=\"container\"><div class=\"e-con-inner\"><div class=\"elementor-element elementor-element-23c3116 elementor-widget elementor-widget-text-editor\" data-id=\"23c3116\" data-element_type=\"widget\" data-widget_type=\"text-editor.default\"><div class=\"elementor-widget-container\"><p>In addition to its\u00a0<em>cave in the Var<\/em>Villecroze offers an exceptional natural setting. Its parkland, with its fountains and waterfalls, invites you to relax. In the surrounding area, a number of footpaths take you through the Provencal countryside, with its vineyards and olive groves. Just a few kilometres away, other villages such as Tourtour and Salernes enhance the discovery of this charming region. Villecroze is an ideal destination for combining heritage, nature and a change of scenery.<\/p><\/div><\/div><\/div><\/div><\/div><\/div><\/div><\/div><\/div><div class=\"elementor-element elementor-element-9e64f3d e-flex e-con-boxed e-con e-parent e-lazyloaded\" data-id=\"9e64f3d\" data-element_type=\"container\"><div class=\"e-con-inner\"><div class=\"elementor-element elementor-element-3717fd3 elementor-post-navigation-borders-yes elementor-widget elementor-widget-post-navigation\" data-id=\"3717fd3\" data-element_type=\"widget\" data-widget_type=\"post-navigation.default\"><div class=\"elementor-widget-container\"><div class=\"elementor-post-navigation\"><div class=\"elementor-post-navigation__prev elementor-post-navigation__link\">\u00a0<\/div><\/div><\/div><\/div><\/div><\/div>\t\t\t\t\t\t\t\t<\/div>\n\t\t\t\t<\/div>\n\t\t\t\t<\/div>\n\t\t<div class=\"elementor-element elementor-element-65eb2804 e-con-full e-flex e-con e-child\" data-id=\"65eb2804\" data-element_type=\"container\">\n\t\t\t\t<div class=\"elementor-element elementor-element-1a75b8ef elementor-widget-tablet__width-inherit elementor-widget elementor-widget-image\" data-id=\"1a75b8ef\" data-element_type=\"widget\" data-widget_type=\"image.default\">\n\t\t\t\t<div class=\"elementor-widget-container\">\n\t\t\t\t\t\t\t\t\t\t\t\t\t\t\t<img fetchpriority=\"high\" decoding=\"async\" width=\"800\" height=\"800\" src=\"https:\/\/www.leclosdesperles.com\/wp-content\/uploads\/2025\/02\/grottes-de-villecroze-1024x1024.jpg\" class=\"attachment-large size-large wp-image-4226\" alt=\"\" srcset=\"https:\/\/www.leclosdesperles.com\/wp-content\/uploads\/2025\/02\/grottes-de-villecroze-1024x1024.jpg 1024w, https:\/\/www.leclosdesperles.com\/wp-content\/uploads\/2025\/02\/grottes-de-villecroze-300x300.jpg 300w, https:\/\/www.leclosdesperles.com\/wp-content\/uploads\/2025\/02\/grottes-de-villecroze-150x150.jpg 150w, https:\/\/www.leclosdesperles.com\/wp-content\/uploads\/2025\/02\/grottes-de-villecroze-768x768.jpg 768w, https:\/\/www.leclosdesperles.com\/wp-content\/uploads\/2025\/02\/grottes-de-villecroze-12x12.jpg 12w, https:\/\/www.leclosdesperles.com\/wp-content\/uploads\/2025\/02\/grottes-de-villecroze.jpg 1200w\" sizes=\"(max-width: 800px) 100vw, 800px\" title=\"\">\t\t\t\t\t\t\t\t\t\t\t\t\t\t\t<\/div>\n\t\t\t\t<\/div>\n\t\t\t\t<\/div>\n\t\t\t\t<\/div>\n\t\t<div class=\"elementor-element elementor-element-5be878d4 e-flex e-con-boxed e-con e-parent\" data-id=\"5be878d4\" data-element_type=\"container\">\n\t\t\t\t\t<div class=\"e-con-inner\">\n\t\t\t\t<div class=\"elementor-element elementor-element-222503aa elementor-widget elementor-widget-heading\" data-id=\"222503aa\" data-element_type=\"widget\" data-widget_type=\"heading.default\">\n\t\t\t\t<div class=\"elementor-widget-container\">\n\t\t\t\t\t<h2 class=\"elementor-heading-title elementor-size-default\">Discover our other destinations<\/h2>\t\t\t\t<\/div>\n\t\t\t\t<\/div>\n\t\t\t\t<div class=\"elementor-element elementor-element-64e172be elementor-widget-divider--view-line_icon elementor-view-default elementor-widget-divider--element-align-center elementor-widget elementor-widget-global elementor-global-364 elementor-widget-divider\" data-id=\"64e172be\" data-element_type=\"widget\" data-widget_type=\"divider.default\">\n\t\t\t\t<div class=\"elementor-widget-container\">\n\t\t\t\t\t\t\t<div class=\"elementor-divider\">\n\t\t\t<span class=\"elementor-divider-separator\">\n\t\t\t\t\t\t\t<div class=\"elementor-icon elementor-divider__element\">\n\t\t\t\t\t<i aria-hidden=\"true\" class=\"fas fa-dot-circle\"><\/i><\/div>\n\t\t\t\t\t\t<\/span>\n\t\t<\/div>\n\t\t\t\t\t\t<\/div>\n\t\t\t\t<\/div>\n\t\t<div class=\"elementor-element elementor-element-736d1686 e-flex e-con-boxed e-con e-child\" data-id=\"736d1686\" data-element_type=\"container\">\n\t\t\t\t\t<div class=\"e-con-inner\">\n\t\t<div class=\"elementor-element elementor-element-494258a8 e-flex e-con-boxed e-con e-child\" data-id=\"494258a8\" data-element_type=\"container\">\n\t\t\t\t\t<div class=\"e-con-inner\">\n\t\t\t\t<div class=\"elementor-element elementor-element-157bb6b2 animated-slow elementor-invisible elementor-widget elementor-widget-image\" data-id=\"157bb6b2\" data-element_type=\"widget\" data-settings=\"{&quot;_animation&quot;:&quot;fadeIn&quot;,&quot;_animation_delay&quot;:500}\" data-widget_type=\"image.default\">\n\t\t\t\t<div class=\"elementor-widget-container\">\n\t\t\t\t\t\t\t\t\t\t\t\t\t\t\t<img decoding=\"async\" width=\"1500\" height=\"2000\" src=\"https:\/\/www.leclosdesperles.com\/wp-content\/uploads\/2025\/02\/GettyImages-1355323462.jpg\" class=\"elementor-animation-sink attachment-full size-full wp-image-3893\" alt=\"\" srcset=\"https:\/\/www.leclosdesperles.com\/wp-content\/uploads\/2025\/02\/GettyImages-1355323462.jpg 1500w, https:\/\/www.leclosdesperles.com\/wp-content\/uploads\/2025\/02\/GettyImages-1355323462-225x300.jpg 225w, https:\/\/www.leclosdesperles.com\/wp-content\/uploads\/2025\/02\/GettyImages-1355323462-768x1024.jpg 768w, https:\/\/www.leclosdesperles.com\/wp-content\/uploads\/2025\/02\/GettyImages-1355323462-1152x1536.jpg 1152w, https:\/\/www.leclosdesperles.com\/wp-content\/uploads\/2025\/02\/GettyImages-1355323462-9x12.jpg 9w\" sizes=\"(max-width: 1500px) 100vw, 1500px\" title=\"\">\t\t\t\t\t\t\t\t\t\t\t\t\t\t\t<\/div>\n\t\t\t\t<\/div>\n\t\t<div class=\"elementor-element elementor-element-782157c1 e-flex e-con-boxed e-con e-child\" data-id=\"782157c1\" data-element_type=\"container\" data-settings=\"{&quot;background_background&quot;:&quot;classic&quot;}\">\n\t\t\t\t\t<div class=\"e-con-inner\">\n\t\t<div class=\"elementor-element elementor-element-708b773e e-flex e-con-boxed e-con e-child\" data-id=\"708b773e\" data-element_type=\"container\" data-settings=\"{&quot;background_background&quot;:&quot;classic&quot;}\">\n\t\t\t\t\t<div class=\"e-con-inner\">\n\t\t\t\t<div class=\"elementor-element elementor-element-1d4f5f92 elementor-widget elementor-widget-heading\" data-id=\"1d4f5f92\" data-element_type=\"widget\" data-widget_type=\"heading.default\">\n\t\t\t\t<div class=\"elementor-widget-container\">\n\t\t\t\t\t<h3 class=\"elementor-heading-title elementor-size-default\">Aups<\/h3>\t\t\t\t<\/div>\n\t\t\t\t<\/div>\n\t\t\t\t<div class=\"elementor-element elementor-element-44f1ac97 elementor-align-center elementor-widget elementor-widget-button\" data-id=\"44f1ac97\" data-element_type=\"widget\" data-widget_type=\"button.default\">\n\t\t\t\t<div class=\"elementor-widget-container\">\n\t\t\t\t\t\t\t\t\t<div class=\"elementor-button-wrapper\">\n\t\t\t\t\t<a class=\"elementor-button elementor-button-link elementor-size-sm\" href=\"https:\/\/www.leclosdesperles.com\/en\/typical-provence-village\/romantic-weekend-in-provence\/\" target=\"_blank\">\n\t\t\t\t\t\t<span class=\"elementor-button-content-wrapper\">\n\t\t\t\t\t\t\t\t\t<span class=\"elementor-button-text\">See more<\/span>\n\t\t\t\t\t<\/span>\n\t\t\t\t\t<\/a>\n\t\t\t\t<\/div>\n\t\t\t\t\t\t\t\t<\/div>\n\t\t\t\t<\/div>\n\t\t\t\t\t<\/div>\n\t\t\t\t<\/div>\n\t\t\t\t\t<\/div>\n\t\t\t\t<\/div>\n\t\t\t\t\t<\/div>\n\t\t\t\t<\/div>\n\t\t<div class=\"elementor-element elementor-element-1eb24f56 e-flex e-con-boxed e-con e-child\" data-id=\"1eb24f56\" data-element_type=\"container\">\n\t\t\t\t\t<div class=\"e-con-inner\">\n\t\t\t\t<div class=\"elementor-element elementor-element-675abd2d animated-slow elementor-invisible elementor-widget elementor-widget-image\" data-id=\"675abd2d\" data-element_type=\"widget\" data-settings=\"{&quot;_animation&quot;:&quot;fadeIn&quot;,&quot;_animation_delay&quot;:500}\" data-widget_type=\"image.default\">\n\t\t\t\t<div class=\"elementor-widget-container\">\n\t\t\t\t\t\t\t\t\t\t\t\t\t\t\t<img decoding=\"async\" width=\"2560\" height=\"1700\" src=\"https:\/\/www.leclosdesperles.com\/wp-content\/uploads\/2025\/01\/GettyImages-916212800-scaled.jpg\" class=\"elementor-animation-sink attachment-full size-full wp-image-3933\" alt=\"\" srcset=\"https:\/\/www.leclosdesperles.com\/wp-content\/uploads\/2025\/01\/GettyImages-916212800-scaled.jpg 2560w, https:\/\/www.leclosdesperles.com\/wp-content\/uploads\/2025\/01\/GettyImages-916212800-300x199.jpg 300w, https:\/\/www.leclosdesperles.com\/wp-content\/uploads\/2025\/01\/GettyImages-916212800-1024x680.jpg 1024w, https:\/\/www.leclosdesperles.com\/wp-content\/uploads\/2025\/01\/GettyImages-916212800-768x510.jpg 768w, https:\/\/www.leclosdesperles.com\/wp-content\/uploads\/2025\/01\/GettyImages-916212800-1536x1020.jpg 1536w, https:\/\/www.leclosdesperles.com\/wp-content\/uploads\/2025\/01\/GettyImages-916212800-2048x1360.jpg 2048w, https:\/\/www.leclosdesperles.com\/wp-content\/uploads\/2025\/01\/GettyImages-916212800-18x12.jpg 18w\" sizes=\"(max-width: 2560px) 100vw, 2560px\" title=\"\">\t\t\t\t\t\t\t\t\t\t\t\t\t\t\t<\/div>\n\t\t\t\t<\/div>\n\t\t<div class=\"elementor-element elementor-element-54f72940 e-flex e-con-boxed e-con e-child\" data-id=\"54f72940\" data-element_type=\"container\" data-settings=\"{&quot;background_background&quot;:&quot;classic&quot;}\">\n\t\t\t\t\t<div class=\"e-con-inner\">\n\t\t<div class=\"elementor-element elementor-element-333354d e-flex e-con-boxed e-con e-child\" data-id=\"333354d\" data-element_type=\"container\" data-settings=\"{&quot;background_background&quot;:&quot;classic&quot;}\">\n\t\t\t\t\t<div class=\"e-con-inner\">\n\t\t\t\t<div class=\"elementor-element elementor-element-398e40d elementor-widget elementor-widget-heading\" data-id=\"398e40d\" data-element_type=\"widget\" data-widget_type=\"heading.default\">\n\t\t\t\t<div class=\"elementor-widget-container\">\n\t\t\t\t\t<h3 class=\"elementor-heading-title elementor-size-default\">Draguignan<\/h3>\t\t\t\t<\/div>\n\t\t\t\t<\/div>\n\t\t\t\t<div class=\"elementor-element elementor-element-1cedb533 elementor-align-center elementor-widget elementor-widget-button\" data-id=\"1cedb533\" data-element_type=\"widget\" data-widget_type=\"button.default\">\n\t\t\t\t<div class=\"elementor-widget-container\">\n\t\t\t\t\t\t\t\t\t<div class=\"elementor-button-wrapper\">\n\t\t\t\t\t<a class=\"elementor-button elementor-button-link elementor-size-sm\" href=\"https:\/\/www.leclosdesperles.com\/en\/typical-provence-village\/village-vacances-en-provence\/\" target=\"_blank\">\n\t\t\t\t\t\t<span class=\"elementor-button-content-wrapper\">\n\t\t\t\t\t\t\t\t\t<span class=\"elementor-button-text\">See more<\/span>\n\t\t\t\t\t<\/span>\n\t\t\t\t\t<\/a>\n\t\t\t\t<\/div>\n\t\t\t\t\t\t\t\t<\/div>\n\t\t\t\t<\/div>\n\t\t\t\t\t<\/div>\n\t\t\t\t<\/div>\n\t\t\t\t\t<\/div>\n\t\t\t\t<\/div>\n\t\t\t\t\t<\/div>\n\t\t\t\t<\/div>\n\t\t<div class=\"elementor-element elementor-element-6e89e86 e-flex e-con-boxed e-con e-child\" data-id=\"6e89e86\" data-element_type=\"container\">\n\t\t\t\t\t<div class=\"e-con-inner\">\n\t\t\t\t<div class=\"elementor-element elementor-element-3594b02e animated-slow elementor-invisible elementor-widget elementor-widget-image\" data-id=\"3594b02e\" data-element_type=\"widget\" data-settings=\"{&quot;_animation&quot;:&quot;fadeIn&quot;,&quot;_animation_delay&quot;:500}\" data-widget_type=\"image.default\">\n\t\t\t\t<div class=\"elementor-widget-container\">\n\t\t\t\t\t\t\t\t\t\t\t\t\t\t\t<img loading=\"lazy\" decoding=\"async\" width=\"2560\" height=\"1152\" src=\"https:\/\/www.leclosdesperles.com\/wp-content\/uploads\/2025\/01\/5817_1_1-scaled.jpg\" class=\"elementor-animation-sink attachment-full size-full wp-image-3959\" alt=\"\" srcset=\"https:\/\/www.leclosdesperles.com\/wp-content\/uploads\/2025\/01\/5817_1_1-scaled.jpg 2560w, https:\/\/www.leclosdesperles.com\/wp-content\/uploads\/2025\/01\/5817_1_1-300x135.jpg 300w, https:\/\/www.leclosdesperles.com\/wp-content\/uploads\/2025\/01\/5817_1_1-1024x461.jpg 1024w, https:\/\/www.leclosdesperles.com\/wp-content\/uploads\/2025\/01\/5817_1_1-768x346.jpg 768w, https:\/\/www.leclosdesperles.com\/wp-content\/uploads\/2025\/01\/5817_1_1-1536x691.jpg 1536w, https:\/\/www.leclosdesperles.com\/wp-content\/uploads\/2025\/01\/5817_1_1-2048x922.jpg 2048w, https:\/\/www.leclosdesperles.com\/wp-content\/uploads\/2025\/01\/5817_1_1-18x8.jpg 18w\" sizes=\"(max-width: 2560px) 100vw, 2560px\" title=\"\">\t\t\t\t\t\t\t\t\t\t\t\t\t\t\t<\/div>\n\t\t\t\t<\/div>\n\t\t<div class=\"elementor-element elementor-element-6a1db972 e-flex e-con-boxed e-con e-child\" data-id=\"6a1db972\" data-element_type=\"container\" data-settings=\"{&quot;background_background&quot;:&quot;classic&quot;}\">\n\t\t\t\t\t<div class=\"e-con-inner\">\n\t\t<div class=\"elementor-element elementor-element-d3c625a e-flex e-con-boxed e-con e-child\" data-id=\"d3c625a\" data-element_type=\"container\" data-settings=\"{&quot;background_background&quot;:&quot;classic&quot;}\">\n\t\t\t\t\t<div class=\"e-con-inner\">\n\t\t\t\t<div class=\"elementor-element elementor-element-6e36d4e9 elementor-widget elementor-widget-heading\" data-id=\"6e36d4e9\" data-element_type=\"widget\" data-widget_type=\"heading.default\">\n\t\t\t\t<div class=\"elementor-widget-container\">\n\t\t\t\t\t<h3 class=\"elementor-heading-title elementor-size-default\">Lake Artignosc<\/h3>\t\t\t\t<\/div>\n\t\t\t\t<\/div>\n\t\t\t\t<div class=\"elementor-element elementor-element-13ca8a62 elementor-align-center elementor-widget elementor-widget-button\" data-id=\"13ca8a62\" data-element_type=\"widget\" data-widget_type=\"button.default\">\n\t\t\t\t<div class=\"elementor-widget-container\">\n\t\t\t\t\t\t\t\t\t<div class=\"elementor-button-wrapper\">\n\t\t\t\t\t<a class=\"elementor-button elementor-button-link elementor-size-sm\" href=\"https:\/\/www.leclosdesperles.com\/en\/typical-provence-village\/lakes-provence\/\" target=\"_blank\">\n\t\t\t\t\t\t<span class=\"elementor-button-content-wrapper\">\n\t\t\t\t\t\t\t\t\t<span class=\"elementor-button-text\">See more<\/span>\n\t\t\t\t\t<\/span>\n\t\t\t\t\t<\/a>\n\t\t\t\t<\/div>\n\t\t\t\t\t\t\t\t<\/div>\n\t\t\t\t<\/div>\n\t\t\t\t\t<\/div>\n\t\t\t\t<\/div>\n\t\t\t\t\t<\/div>\n\t\t\t\t<\/div>\n\t\t\t\t\t<\/div>\n\t\t\t\t<\/div>\n\t\t\t\t\t<\/div>\n\t\t\t\t<\/div>\n\t\t\t\t\t<\/div>\n\t\t\t\t<\/div>\n\t\t\t\t<\/div>","protected":false},"excerpt":{"rendered":"<p>et ses grottes dans le Var Grotte dans le Var : \u00e0 la d\u00e9couverte de Villecroze Villecroze, petit bijou du Haut-Var, est un village pittoresque o\u00f9 l\u2019histoire et la nature se rencontrent harmonieusement. Ses ruelles pav\u00e9es, ses maisons en pierre et ses placettes ombrag\u00e9es cr\u00e9ent une atmosph\u00e8re typiquement proven\u00e7ale. Class\u00e9 parmi les villages de caract\u00e8re, [&hellip;]<\/p>","protected":false},"author":8,"featured_media":0,"parent":65,"menu_order":0,"comment_status":"closed","ping_status":"closed","template":"","meta":{"_acf_changed":false,"inline_featured_image":false,"footnotes":""},"class_list":["post-3713","page","type-page","status-publish","hentry"],"acf":[],"_links":{"self":[{"href":"https:\/\/www.leclosdesperles.com\/en\/wp-json\/wp\/v2\/pages\/3713","targetHints":{"allow":["GET"]}}],"collection":[{"href":"https:\/\/www.leclosdesperles.com\/en\/wp-json\/wp\/v2\/pages"}],"about":[{"href":"https:\/\/www.leclosdesperles.com\/en\/wp-json\/wp\/v2\/types\/page"}],"author":[{"embeddable":true,"href":"https:\/\/www.leclosdesperles.com\/en\/wp-json\/wp\/v2\/users\/8"}],"replies":[{"embeddable":true,"href":"https:\/\/www.leclosdesperles.com\/en\/wp-json\/wp\/v2\/comments?post=3713"}],"version-history":[{"count":19,"href":"https:\/\/www.leclosdesperles.com\/en\/wp-json\/wp\/v2\/pages\/3713\/revisions"}],"predecessor-version":[{"id":4915,"href":"https:\/\/www.leclosdesperles.com\/en\/wp-json\/wp\/v2\/pages\/3713\/revisions\/4915"}],"up":[{"embeddable":true,"href":"https:\/\/www.leclosdesperles.com\/en\/wp-json\/wp\/v2\/pages\/65"}],"wp:attachment":[{"href":"https:\/\/www.leclosdesperles.com\/en\/wp-json\/wp\/v2\/media?parent=3713"}],"curies":[{"name":"wp","href":"https:\/\/api.w.org\/{rel}","templated":true}]}}