{"id":3710,"date":"2025-02-04T12:25:03","date_gmt":"2025-02-04T11:25:03","guid":{"rendered":"https:\/\/www.leclosdesperles.com\/?page_id=3710"},"modified":"2025-05-22T12:01:22","modified_gmt":"2025-05-22T10:01:22","slug":"small-village-in-provence","status":"publish","type":"page","link":"https:\/\/www.leclosdesperles.com\/en\/typical-provence-village\/small-village-in-provence\/","title":{"rendered":"Ampus"},"content":{"rendered":"<div data-elementor-type=\"wp-page\" data-elementor-id=\"3710\" class=\"elementor elementor-3710\" data-elementor-post-type=\"page\">\n\t\t\t\t<div class=\"elementor-element elementor-element-5152dd76 e-con-full e-flex e-con e-parent\" data-id=\"5152dd76\" data-element_type=\"container\" id=\"top\" data-settings=\"{&quot;background_background&quot;:&quot;classic&quot;}\">\n\t\t\t\t<div class=\"elementor-element elementor-element-337d6633 elementor-widget elementor-widget-heading\" data-id=\"337d6633\" data-element_type=\"widget\" data-widget_type=\"heading.default\">\n\t\t\t\t<div class=\"elementor-widget-container\">\n\t\t\t\t\t<span class=\"elementor-heading-title elementor-size-default\">Ampus<\/span>\t\t\t\t<\/div>\n\t\t\t\t<\/div>\n\t\t\t\t<div class=\"elementor-element elementor-element-05e27d4 elementor-widget elementor-widget-heading\" data-id=\"05e27d4\" data-element_type=\"widget\" data-widget_type=\"heading.default\">\n\t\t\t\t<div class=\"elementor-widget-container\">\n\t\t\t\t\t<h1 class=\"elementor-heading-title elementor-size-default\">Small village in Provence<\/h1>\t\t\t\t<\/div>\n\t\t\t\t<\/div>\n\t\t\t\t<\/div>\n\t\t<div class=\"elementor-element elementor-element-1a17b6c0 e-con-full e-flex e-con e-parent\" data-id=\"1a17b6c0\" data-element_type=\"container\" id=\"first-content\">\n\t\t<div class=\"elementor-element elementor-element-7aec88e9 e-con-full e-flex e-con e-child\" data-id=\"7aec88e9\" data-element_type=\"container\">\n\t\t\t\t<div class=\"elementor-element elementor-element-17d7a66f elementor-widget elementor-widget-heading\" data-id=\"17d7a66f\" data-element_type=\"widget\" data-widget_type=\"heading.default\">\n\t\t\t\t<div class=\"elementor-widget-container\">\n\t\t\t\t\t<h2 class=\"elementor-heading-title elementor-size-default\">A small village in Provence: discover Ampus\n<\/h2>\t\t\t\t<\/div>\n\t\t\t\t<\/div>\n\t\t\t\t<div class=\"elementor-element elementor-element-f65d0eb elementor-widget elementor-widget-text-editor\" data-id=\"f65d0eb\" data-element_type=\"widget\" data-widget_type=\"text-editor.default\">\n\t\t\t\t<div class=\"elementor-widget-container\">\n\t\t\t\t\t\t\t\t\t<p>Perched at an altitude of 600 metres, Ampus is a small village in Provence with an authentic, unspoilt natural setting. Far from mass tourism, it offers a peaceful atmosphere where you can enjoy strolling through its cobbled streets lined with stone houses. Its historic heritage, with the church of Saint-Michel and its ancient wash-houses, bears witness to a rich Provencal past.<\/p>\t\t\t\t\t\t\t\t<\/div>\n\t\t\t\t<\/div>\n\t\t\t\t<div class=\"elementor-element elementor-element-ba963e4 elementor-widget elementor-widget-heading\" data-id=\"ba963e4\" data-element_type=\"widget\" data-widget_type=\"heading.default\">\n\t\t\t\t<div class=\"elementor-widget-container\">\n\t\t\t\t\t<h2 class=\"elementor-heading-title elementor-size-default\">Magnificent landscapes between hills and gorges\n<\/h2>\t\t\t\t<\/div>\n\t\t\t\t<\/div>\n\t\t\t\t<div class=\"elementor-element elementor-element-425e69e elementor-widget elementor-widget-text-editor\" data-id=\"425e69e\" data-element_type=\"widget\" data-widget_type=\"text-editor.default\">\n\t\t\t\t<div class=\"elementor-widget-container\">\n\t\t\t\t\t\t\t\t\t<p>Ampus is surrounded by magnificent scenery, from lush green hills to steep gorges. Hiking enthusiasts will love the famous \"chemin de l'eau\", a path that follows an ancient canal and offers splendid views over the valley. A few kilometres away, the Gorges de la Nartuby offer a wild setting ideal for lovers of nature and tranquillity.<\/p><p>\u00a0<\/p>\t\t\t\t\t\t\t\t<\/div>\n\t\t\t\t<\/div>\n\t\t\t\t<div class=\"elementor-element elementor-element-acd54e0 elementor-widget elementor-widget-heading\" data-id=\"acd54e0\" data-element_type=\"widget\" data-widget_type=\"heading.default\">\n\t\t\t\t<div class=\"elementor-widget-container\">\n\t\t\t\t\t<h2 class=\"elementor-heading-title elementor-size-default\">A typically Proven\u00e7al art of living\n<\/h2>\t\t\t\t<\/div>\n\t\t\t\t<\/div>\n\t\t\t\t<div class=\"elementor-element elementor-element-ff621bc elementor-widget elementor-widget-text-editor\" data-id=\"ff621bc\" data-element_type=\"widget\" data-widget_type=\"text-editor.default\">\n\t\t\t\t<div class=\"elementor-widget-container\">\n\t\t\t\t\t\t\t\t\t<p>A stay in this small Provencal village also means discovering the local way of life. The shady squares are home to markets selling local produce, while the caf\u00e9s and restaurants invite you to savour Provencal specialities. With its blend of nature, heritage and traditions, Ampus is the perfect destination for an authentic getaway, where every moment can be savoured to the rhythm of the cicadas and the scent of lavender.<\/p><p>\u00a0<\/p>\t\t\t\t\t\t\t\t<\/div>\n\t\t\t\t<\/div>\n\t\t\t\t<\/div>\n\t\t<div class=\"elementor-element elementor-element-65eb2804 e-con-full e-flex e-con e-child\" data-id=\"65eb2804\" data-element_type=\"container\">\n\t\t\t\t<div class=\"elementor-element elementor-element-1a75b8ef elementor-widget-tablet__width-inherit elementor-widget elementor-widget-image\" data-id=\"1a75b8ef\" data-element_type=\"widget\" data-widget_type=\"image.default\">\n\t\t\t\t<div class=\"elementor-widget-container\">\n\t\t\t\t\t\t\t\t\t\t\t\t\t\t\t<img fetchpriority=\"high\" decoding=\"async\" width=\"711\" height=\"1024\" src=\"https:\/\/www.leclosdesperles.com\/wp-content\/uploads\/2025\/02\/GettyImages-1137741885-711x1024.jpg\" class=\"attachment-large size-large wp-image-4111\" alt=\"\" srcset=\"https:\/\/www.leclosdesperles.com\/wp-content\/uploads\/2025\/02\/GettyImages-1137741885-711x1024.jpg 711w, https:\/\/www.leclosdesperles.com\/wp-content\/uploads\/2025\/02\/GettyImages-1137741885-208x300.jpg 208w, https:\/\/www.leclosdesperles.com\/wp-content\/uploads\/2025\/02\/GettyImages-1137741885-768x1106.jpg 768w, https:\/\/www.leclosdesperles.com\/wp-content\/uploads\/2025\/02\/GettyImages-1137741885-1066x1536.jpg 1066w, https:\/\/www.leclosdesperles.com\/wp-content\/uploads\/2025\/02\/GettyImages-1137741885-1422x2048.jpg 1422w, https:\/\/www.leclosdesperles.com\/wp-content\/uploads\/2025\/02\/GettyImages-1137741885-8x12.jpg 8w, https:\/\/www.leclosdesperles.com\/wp-content\/uploads\/2025\/02\/GettyImages-1137741885.jpg 1700w\" sizes=\"(max-width: 711px) 100vw, 711px\" title=\"\">\t\t\t\t\t\t\t\t\t\t\t\t\t\t\t<\/div>\n\t\t\t\t<\/div>\n\t\t\t\t<\/div>\n\t\t\t\t<\/div>\n\t\t<div class=\"elementor-element elementor-element-5be878d4 e-flex e-con-boxed e-con e-parent\" data-id=\"5be878d4\" data-element_type=\"container\">\n\t\t\t\t\t<div class=\"e-con-inner\">\n\t\t\t\t<div class=\"elementor-element elementor-element-222503aa elementor-widget elementor-widget-heading\" data-id=\"222503aa\" data-element_type=\"widget\" data-widget_type=\"heading.default\">\n\t\t\t\t<div class=\"elementor-widget-container\">\n\t\t\t\t\t<h2 class=\"elementor-heading-title elementor-size-default\">Discover our other destinations<\/h2>\t\t\t\t<\/div>\n\t\t\t\t<\/div>\n\t\t\t\t<div class=\"elementor-element elementor-element-64e172be elementor-widget-divider--view-line_icon elementor-view-default elementor-widget-divider--element-align-center elementor-widget elementor-widget-global elementor-global-364 elementor-widget-divider\" data-id=\"64e172be\" data-element_type=\"widget\" data-widget_type=\"divider.default\">\n\t\t\t\t<div class=\"elementor-widget-container\">\n\t\t\t\t\t\t\t<div class=\"elementor-divider\">\n\t\t\t<span class=\"elementor-divider-separator\">\n\t\t\t\t\t\t\t<div class=\"elementor-icon elementor-divider__element\">\n\t\t\t\t\t<i aria-hidden=\"true\" class=\"fas fa-dot-circle\"><\/i><\/div>\n\t\t\t\t\t\t<\/span>\n\t\t<\/div>\n\t\t\t\t\t\t<\/div>\n\t\t\t\t<\/div>\n\t\t<div class=\"elementor-element elementor-element-736d1686 e-flex e-con-boxed e-con e-child\" data-id=\"736d1686\" data-element_type=\"container\">\n\t\t\t\t\t<div class=\"e-con-inner\">\n\t\t<div class=\"elementor-element elementor-element-494258a8 e-flex e-con-boxed e-con e-child\" data-id=\"494258a8\" data-element_type=\"container\">\n\t\t\t\t\t<div class=\"e-con-inner\">\n\t\t\t\t<div class=\"elementor-element elementor-element-157bb6b2 animated-slow elementor-invisible elementor-widget elementor-widget-image\" data-id=\"157bb6b2\" data-element_type=\"widget\" data-settings=\"{&quot;_animation&quot;:&quot;fadeIn&quot;,&quot;_animation_delay&quot;:500}\" data-widget_type=\"image.default\">\n\t\t\t\t<div class=\"elementor-widget-container\">\n\t\t\t\t\t\t\t\t\t\t\t\t\t\t\t<img decoding=\"async\" width=\"2560\" height=\"1710\" src=\"https:\/\/www.leclosdesperles.com\/wp-content\/uploads\/2025\/01\/GettyImages-1436514043-scaled.jpg\" class=\"elementor-animation-sink attachment-full size-full wp-image-3917\" alt=\"\" srcset=\"https:\/\/www.leclosdesperles.com\/wp-content\/uploads\/2025\/01\/GettyImages-1436514043-scaled.jpg 2560w, https:\/\/www.leclosdesperles.com\/wp-content\/uploads\/2025\/01\/GettyImages-1436514043-300x200.jpg 300w, https:\/\/www.leclosdesperles.com\/wp-content\/uploads\/2025\/01\/GettyImages-1436514043-1024x684.jpg 1024w, https:\/\/www.leclosdesperles.com\/wp-content\/uploads\/2025\/01\/GettyImages-1436514043-768x513.jpg 768w, https:\/\/www.leclosdesperles.com\/wp-content\/uploads\/2025\/01\/GettyImages-1436514043-1536x1026.jpg 1536w, https:\/\/www.leclosdesperles.com\/wp-content\/uploads\/2025\/01\/GettyImages-1436514043-2048x1368.jpg 2048w, https:\/\/www.leclosdesperles.com\/wp-content\/uploads\/2025\/01\/GettyImages-1436514043-18x12.jpg 18w\" sizes=\"(max-width: 2560px) 100vw, 2560px\" title=\"\">\t\t\t\t\t\t\t\t\t\t\t\t\t\t\t<\/div>\n\t\t\t\t<\/div>\n\t\t<div class=\"elementor-element elementor-element-782157c1 e-flex e-con-boxed e-con e-child\" data-id=\"782157c1\" data-element_type=\"container\" data-settings=\"{&quot;background_background&quot;:&quot;classic&quot;}\">\n\t\t\t\t\t<div class=\"e-con-inner\">\n\t\t<div class=\"elementor-element elementor-element-708b773e e-flex e-con-boxed e-con e-child\" data-id=\"708b773e\" data-element_type=\"container\" data-settings=\"{&quot;background_background&quot;:&quot;classic&quot;}\">\n\t\t\t\t\t<div class=\"e-con-inner\">\n\t\t\t\t<div class=\"elementor-element elementor-element-1d4f5f92 elementor-widget elementor-widget-heading\" data-id=\"1d4f5f92\" data-element_type=\"widget\" data-widget_type=\"heading.default\">\n\t\t\t\t<div class=\"elementor-widget-container\">\n\t\t\t\t\t<h3 class=\"elementor-heading-title elementor-size-default\">Cotignac<\/h3>\t\t\t\t<\/div>\n\t\t\t\t<\/div>\n\t\t\t\t<div class=\"elementor-element elementor-element-44f1ac97 elementor-align-center elementor-widget elementor-widget-button\" data-id=\"44f1ac97\" data-element_type=\"widget\" data-widget_type=\"button.default\">\n\t\t\t\t<div class=\"elementor-widget-container\">\n\t\t\t\t\t\t\t\t\t<div class=\"elementor-button-wrapper\">\n\t\t\t\t\t<a class=\"elementor-button elementor-button-link elementor-size-sm\" href=\"https:\/\/www.leclosdesperles.com\/en\/typical-provence-village\/the-most-beautiful-villages-in-provence-to-visit\/\" target=\"_blank\">\n\t\t\t\t\t\t<span class=\"elementor-button-content-wrapper\">\n\t\t\t\t\t\t\t\t\t<span class=\"elementor-button-text\">See more<\/span>\n\t\t\t\t\t<\/span>\n\t\t\t\t\t<\/a>\n\t\t\t\t<\/div>\n\t\t\t\t\t\t\t\t<\/div>\n\t\t\t\t<\/div>\n\t\t\t\t\t<\/div>\n\t\t\t\t<\/div>\n\t\t\t\t\t<\/div>\n\t\t\t\t<\/div>\n\t\t\t\t\t<\/div>\n\t\t\t\t<\/div>\n\t\t<div class=\"elementor-element elementor-element-1eb24f56 e-flex e-con-boxed e-con e-child\" data-id=\"1eb24f56\" data-element_type=\"container\">\n\t\t\t\t\t<div class=\"e-con-inner\">\n\t\t\t\t<div class=\"elementor-element elementor-element-675abd2d animated-slow elementor-invisible elementor-widget elementor-widget-image\" data-id=\"675abd2d\" data-element_type=\"widget\" data-settings=\"{&quot;_animation&quot;:&quot;fadeIn&quot;,&quot;_animation_delay&quot;:500}\" data-widget_type=\"image.default\">\n\t\t\t\t<div class=\"elementor-widget-container\">\n\t\t\t\t\t\t\t\t\t\t\t\t\t\t\t<img decoding=\"async\" width=\"2121\" height=\"1414\" src=\"https:\/\/www.leclosdesperles.com\/wp-content\/uploads\/2025\/01\/GettyImages-1452754834.jpg\" class=\"elementor-animation-sink attachment-full size-full wp-image-3913\" alt=\"\" srcset=\"https:\/\/www.leclosdesperles.com\/wp-content\/uploads\/2025\/01\/GettyImages-1452754834.jpg 2121w, https:\/\/www.leclosdesperles.com\/wp-content\/uploads\/2025\/01\/GettyImages-1452754834-300x200.jpg 300w, https:\/\/www.leclosdesperles.com\/wp-content\/uploads\/2025\/01\/GettyImages-1452754834-1024x683.jpg 1024w, https:\/\/www.leclosdesperles.com\/wp-content\/uploads\/2025\/01\/GettyImages-1452754834-768x512.jpg 768w, https:\/\/www.leclosdesperles.com\/wp-content\/uploads\/2025\/01\/GettyImages-1452754834-1536x1024.jpg 1536w, https:\/\/www.leclosdesperles.com\/wp-content\/uploads\/2025\/01\/GettyImages-1452754834-2048x1365.jpg 2048w, https:\/\/www.leclosdesperles.com\/wp-content\/uploads\/2025\/01\/GettyImages-1452754834-18x12.jpg 18w\" sizes=\"(max-width: 2121px) 100vw, 2121px\" title=\"\">\t\t\t\t\t\t\t\t\t\t\t\t\t\t\t<\/div>\n\t\t\t\t<\/div>\n\t\t<div class=\"elementor-element elementor-element-54f72940 e-flex e-con-boxed e-con e-child\" data-id=\"54f72940\" data-element_type=\"container\" data-settings=\"{&quot;background_background&quot;:&quot;classic&quot;}\">\n\t\t\t\t\t<div class=\"e-con-inner\">\n\t\t<div class=\"elementor-element elementor-element-333354d e-flex e-con-boxed e-con e-child\" data-id=\"333354d\" data-element_type=\"container\" data-settings=\"{&quot;background_background&quot;:&quot;classic&quot;}\">\n\t\t\t\t\t<div class=\"e-con-inner\">\n\t\t\t\t<div class=\"elementor-element elementor-element-398e40d elementor-widget elementor-widget-heading\" data-id=\"398e40d\" data-element_type=\"widget\" data-widget_type=\"heading.default\">\n\t\t\t\t<div class=\"elementor-widget-container\">\n\t\t\t\t\t<h3 class=\"elementor-heading-title elementor-size-default\">Ch\u00e2teaudouble<\/h3>\t\t\t\t<\/div>\n\t\t\t\t<\/div>\n\t\t\t\t<div class=\"elementor-element elementor-element-1cedb533 elementor-align-center elementor-widget elementor-widget-button\" data-id=\"1cedb533\" data-element_type=\"widget\" data-widget_type=\"button.default\">\n\t\t\t\t<div class=\"elementor-widget-container\">\n\t\t\t\t\t\t\t\t\t<div class=\"elementor-button-wrapper\">\n\t\t\t\t\t<a class=\"elementor-button elementor-button-link elementor-size-sm\" href=\"https:\/\/www.leclosdesperles.com\/en\/typical-provence-village\/provence-village-to-visit\/\" target=\"_blank\">\n\t\t\t\t\t\t<span class=\"elementor-button-content-wrapper\">\n\t\t\t\t\t\t\t\t\t<span class=\"elementor-button-text\">See more<\/span>\n\t\t\t\t\t<\/span>\n\t\t\t\t\t<\/a>\n\t\t\t\t<\/div>\n\t\t\t\t\t\t\t\t<\/div>\n\t\t\t\t<\/div>\n\t\t\t\t\t<\/div>\n\t\t\t\t<\/div>\n\t\t\t\t\t<\/div>\n\t\t\t\t<\/div>\n\t\t\t\t\t<\/div>\n\t\t\t\t<\/div>\n\t\t<div class=\"elementor-element elementor-element-6e89e86 e-flex e-con-boxed e-con e-child\" data-id=\"6e89e86\" data-element_type=\"container\">\n\t\t\t\t\t<div class=\"e-con-inner\">\n\t\t\t\t<div class=\"elementor-element elementor-element-3594b02e animated-slow elementor-invisible elementor-widget elementor-widget-image\" data-id=\"3594b02e\" data-element_type=\"widget\" data-settings=\"{&quot;_animation&quot;:&quot;fadeIn&quot;,&quot;_animation_delay&quot;:500}\" data-widget_type=\"image.default\">\n\t\t\t\t<div class=\"elementor-widget-container\">\n\t\t\t\t\t\t\t\t\t\t\t\t\t\t\t<img loading=\"lazy\" decoding=\"async\" width=\"2121\" height=\"1414\" src=\"https:\/\/www.leclosdesperles.com\/wp-content\/uploads\/2025\/01\/GettyImages-1333054146.jpg\" class=\"elementor-animation-sink attachment-full size-full wp-image-3967\" alt=\"\" srcset=\"https:\/\/www.leclosdesperles.com\/wp-content\/uploads\/2025\/01\/GettyImages-1333054146.jpg 2121w, https:\/\/www.leclosdesperles.com\/wp-content\/uploads\/2025\/01\/GettyImages-1333054146-300x200.jpg 300w, https:\/\/www.leclosdesperles.com\/wp-content\/uploads\/2025\/01\/GettyImages-1333054146-1024x683.jpg 1024w, https:\/\/www.leclosdesperles.com\/wp-content\/uploads\/2025\/01\/GettyImages-1333054146-768x512.jpg 768w, https:\/\/www.leclosdesperles.com\/wp-content\/uploads\/2025\/01\/GettyImages-1333054146-1536x1024.jpg 1536w, https:\/\/www.leclosdesperles.com\/wp-content\/uploads\/2025\/01\/GettyImages-1333054146-2048x1365.jpg 2048w, https:\/\/www.leclosdesperles.com\/wp-content\/uploads\/2025\/01\/GettyImages-1333054146-18x12.jpg 18w\" sizes=\"(max-width: 2121px) 100vw, 2121px\" title=\"\">\t\t\t\t\t\t\t\t\t\t\t\t\t\t\t<\/div>\n\t\t\t\t<\/div>\n\t\t<div class=\"elementor-element elementor-element-6a1db972 e-flex e-con-boxed e-con e-child\" data-id=\"6a1db972\" data-element_type=\"container\" data-settings=\"{&quot;background_background&quot;:&quot;classic&quot;}\">\n\t\t\t\t\t<div class=\"e-con-inner\">\n\t\t<div class=\"elementor-element elementor-element-d3c625a e-flex e-con-boxed e-con e-child\" data-id=\"d3c625a\" data-element_type=\"container\" data-settings=\"{&quot;background_background&quot;:&quot;classic&quot;}\">\n\t\t\t\t\t<div class=\"e-con-inner\">\n\t\t\t\t<div class=\"elementor-element elementor-element-6e36d4e9 elementor-widget elementor-widget-heading\" data-id=\"6e36d4e9\" data-element_type=\"widget\" data-widget_type=\"heading.default\">\n\t\t\t\t<div class=\"elementor-widget-container\">\n\t\t\t\t\t<h3 class=\"elementor-heading-title elementor-size-default\">Sillans-la-Cascade<\/h3>\t\t\t\t<\/div>\n\t\t\t\t<\/div>\n\t\t\t\t<div class=\"elementor-element elementor-element-13ca8a62 elementor-align-center elementor-widget elementor-widget-button\" data-id=\"13ca8a62\" data-element_type=\"widget\" data-widget_type=\"button.default\">\n\t\t\t\t<div class=\"elementor-widget-container\">\n\t\t\t\t\t\t\t\t\t<div class=\"elementor-button-wrapper\">\n\t\t\t\t\t<a class=\"elementor-button elementor-button-link elementor-size-sm\" href=\"https:\/\/www.leclosdesperles.com\/en\/typical-provence-village\/hotel-sillans-la-cascade\/\" target=\"_blank\">\n\t\t\t\t\t\t<span class=\"elementor-button-content-wrapper\">\n\t\t\t\t\t\t\t\t\t<span class=\"elementor-button-text\">See more<\/span>\n\t\t\t\t\t<\/span>\n\t\t\t\t\t<\/a>\n\t\t\t\t<\/div>\n\t\t\t\t\t\t\t\t<\/div>\n\t\t\t\t<\/div>\n\t\t\t\t\t<\/div>\n\t\t\t\t<\/div>\n\t\t\t\t\t<\/div>\n\t\t\t\t<\/div>\n\t\t\t\t\t<\/div>\n\t\t\t\t<\/div>\n\t\t\t\t\t<\/div>\n\t\t\t\t<\/div>\n\t\t\t\t\t<\/div>\n\t\t\t\t<\/div>\n\t\t\t\t<\/div>","protected":false},"excerpt":{"rendered":"<p>Petit village de Provence Petit village de Provence : d\u00e9couvrez Ampus Perch\u00e9 \u00e0 600 m\u00e8tres d\u2019altitude, Ampus est un petit village de Provence qui s\u00e9duit par son authenticit\u00e9 et son cadre naturel pr\u00e9serv\u00e9. Loin du tourisme de masse, il offre une atmosph\u00e8re paisible o\u00f9 l\u2019on aime fl\u00e2ner dans ses ruelles pav\u00e9es bord\u00e9es de maisons en [&hellip;]<\/p>","protected":false},"author":8,"featured_media":0,"parent":65,"menu_order":0,"comment_status":"closed","ping_status":"closed","template":"","meta":{"_acf_changed":false,"inline_featured_image":false,"footnotes":""},"class_list":["post-3710","page","type-page","status-publish","hentry"],"acf":[],"_links":{"self":[{"href":"https:\/\/www.leclosdesperles.com\/en\/wp-json\/wp\/v2\/pages\/3710","targetHints":{"allow":["GET"]}}],"collection":[{"href":"https:\/\/www.leclosdesperles.com\/en\/wp-json\/wp\/v2\/pages"}],"about":[{"href":"https:\/\/www.leclosdesperles.com\/en\/wp-json\/wp\/v2\/types\/page"}],"author":[{"embeddable":true,"href":"https:\/\/www.leclosdesperles.com\/en\/wp-json\/wp\/v2\/users\/8"}],"replies":[{"embeddable":true,"href":"https:\/\/www.leclosdesperles.com\/en\/wp-json\/wp\/v2\/comments?post=3710"}],"version-history":[{"count":22,"href":"https:\/\/www.leclosdesperles.com\/en\/wp-json\/wp\/v2\/pages\/3710\/revisions"}],"predecessor-version":[{"id":4936,"href":"https:\/\/www.leclosdesperles.com\/en\/wp-json\/wp\/v2\/pages\/3710\/revisions\/4936"}],"up":[{"embeddable":true,"href":"https:\/\/www.leclosdesperles.com\/en\/wp-json\/wp\/v2\/pages\/65"}],"wp:attachment":[{"href":"https:\/\/www.leclosdesperles.com\/en\/wp-json\/wp\/v2\/media?parent=3710"}],"curies":[{"name":"wp","href":"https:\/\/api.w.org\/{rel}","templated":true}]}}