{"id":3702,"date":"2025-02-04T12:24:55","date_gmt":"2025-02-04T11:24:55","guid":{"rendered":"https:\/\/www.leclosdesperles.com\/?page_id=3702"},"modified":"2025-05-22T12:05:26","modified_gmt":"2025-05-22T10:05:26","slug":"valensole-lavender-field","status":"publish","type":"page","link":"https:\/\/www.leclosdesperles.com\/en\/typical-provence-village\/valensole-lavender-field\/","title":{"rendered":"Valensole Plateau"},"content":{"rendered":"<div data-elementor-type=\"wp-page\" data-elementor-id=\"3702\" class=\"elementor elementor-3702\" data-elementor-post-type=\"page\">\n\t\t\t\t<div class=\"elementor-element elementor-element-5152dd76 e-con-full e-flex e-con e-parent\" data-id=\"5152dd76\" data-element_type=\"container\" id=\"top\" data-settings=\"{&quot;background_background&quot;:&quot;classic&quot;}\">\n\t\t\t\t<div class=\"elementor-element elementor-element-337d6633 elementor-widget elementor-widget-heading\" data-id=\"337d6633\" data-element_type=\"widget\" data-widget_type=\"heading.default\">\n\t\t\t\t<div class=\"elementor-widget-container\">\n\t\t\t\t\t<span class=\"elementor-heading-title elementor-size-default\">Valensole Plateau<\/span>\t\t\t\t<\/div>\n\t\t\t\t<\/div>\n\t\t\t\t<div class=\"elementor-element elementor-element-e3b19f0 elementor-widget elementor-widget-heading\" data-id=\"e3b19f0\" data-element_type=\"widget\" data-widget_type=\"heading.default\">\n\t\t\t\t<div class=\"elementor-widget-container\">\n\t\t\t\t\t<h1 class=\"elementor-heading-title elementor-size-default\">Valensole and its lavender fields<\/h1>\t\t\t\t<\/div>\n\t\t\t\t<\/div>\n\t\t\t\t<\/div>\n\t\t<div class=\"elementor-element elementor-element-1a17b6c0 e-con-full e-flex e-con e-parent\" data-id=\"1a17b6c0\" data-element_type=\"container\" id=\"first-content\">\n\t\t<div class=\"elementor-element elementor-element-7aec88e9 e-con-full e-flex e-con e-child\" data-id=\"7aec88e9\" data-element_type=\"container\">\n\t\t\t\t<div class=\"elementor-element elementor-element-17d7a66f elementor-widget elementor-widget-heading\" data-id=\"17d7a66f\" data-element_type=\"widget\" data-widget_type=\"heading.default\">\n\t\t\t\t<div class=\"elementor-widget-container\">\n\t\t\t\t\t<h2 class=\"elementor-heading-title elementor-size-default\">Valensole lavender fields: an immersion in the heart of Provence\n<\/h2>\t\t\t\t<\/div>\n\t\t\t\t<\/div>\n\t\t\t\t<div class=\"elementor-element elementor-element-397b4ce elementor-widget elementor-widget-text-editor\" data-id=\"397b4ce\" data-element_type=\"widget\" data-widget_type=\"text-editor.default\">\n\t\t\t\t<div class=\"elementor-widget-container\">\n\t\t\t\t\t\t\t\t\t<p>The Valensole plateau is one of Provence's most beautiful sites, renowned for its vast expanses of lavender that stretch as far as the eye can see. Between June and July, the fields turn a brilliant shade of purple, offering an unforgettable spectacle. Admire a\u00a0<em>Valensole lavender field<\/em>\u00a0at sunrise or sunset is a magical experience, where colours and fragrances mingle with the gentle Proven\u00e7al summer.<\/p>\t\t\t\t\t\t\t\t<\/div>\n\t\t\t\t<\/div>\n\t\t\t\t<div class=\"elementor-element elementor-element-04da778 elementor-widget elementor-widget-heading\" data-id=\"04da778\" data-element_type=\"widget\" data-widget_type=\"heading.default\">\n\t\t\t\t<div class=\"elementor-widget-container\">\n\t\t\t\t\t<h2 class=\"elementor-heading-title elementor-size-default\">A land of tradition and expertise\n<\/h2>\t\t\t\t<\/div>\n\t\t\t\t<\/div>\n\t\t\t\t<div class=\"elementor-element elementor-element-f07a2ea elementor-widget elementor-widget-text-editor\" data-id=\"f07a2ea\" data-element_type=\"widget\" data-widget_type=\"text-editor.default\">\n\t\t\t\t<div class=\"elementor-widget-container\">\n\t\t\t\t\t\t\t\t\t<p>As well as its incredible beauty, the Valensole plateau is also the cradle of a long tradition of lavender-growing. Numerous local distilleries open their doors to visitors to show them how this emblematic plant is transformed. Essential oils, soaps and lavender-based cosmetics are just some of the souvenirs to bring back home after a walk through these idyllic landscapes.<\/p>\t\t\t\t\t\t\t\t<\/div>\n\t\t\t\t<\/div>\n\t\t\t\t<div class=\"elementor-element elementor-element-cbecdaa elementor-widget elementor-widget-heading\" data-id=\"cbecdaa\" data-element_type=\"widget\" data-widget_type=\"heading.default\">\n\t\t\t\t<div class=\"elementor-widget-container\">\n\t\t\t\t\t<h2 class=\"elementor-heading-title elementor-size-default\">Discovering nature and Provencal villages\n<\/h2>\t\t\t\t<\/div>\n\t\t\t\t<\/div>\n\t\t\t\t<div class=\"elementor-element elementor-element-f65d0eb elementor-widget elementor-widget-text-editor\" data-id=\"f65d0eb\" data-element_type=\"widget\" data-widget_type=\"text-editor.default\">\n\t\t\t\t<div class=\"elementor-widget-container\">\n\t\t\t\t\t\t\t\t\t<div id=\"first-content\" class=\"elementor-element elementor-element-49648ee e-flex e-con-boxed e-con e-parent e-lazyloaded\" data-id=\"49648ee\" data-element_type=\"container\"><div class=\"e-con-inner\"><div class=\"elementor-element elementor-element-c342590 elementor-widget elementor-widget-theme-post-content\" data-id=\"c342590\" data-element_type=\"widget\" data-widget_type=\"theme-post-content.default\"><div class=\"elementor-widget-container\"><div class=\"elementor elementor-3778\" data-elementor-type=\"wp-post\" data-elementor-id=\"3778\" data-elementor-post-type=\"post\"><div class=\"elementor-element elementor-element-13f0bc10 e-flex e-con-boxed e-con e-parent e-lazyloaded\" data-id=\"13f0bc10\" data-element_type=\"container\"><div class=\"e-con-inner\"><div class=\"elementor-element elementor-element-41eb882e elementor-widget elementor-widget-text-editor\" data-id=\"41eb882e\" data-element_type=\"widget\" data-widget_type=\"text-editor.default\"><div class=\"elementor-widget-container\"><p>Explore a\u00a0<em>Valensole lavender field<\/em>\u00a0is not just about admiring the flowers. Nearby, the village of Valensole has a charming Provencal atmosphere, with its picturesque little streets and lively markets. Nature lovers can also venture to the Gorges du Verdon or Lac de Sainte-Croix to extend their immersion in the wonders of southern France. A visit to the Valensole plateau is an invitation to relax and discover the treasures of Provence.<\/p><\/div><\/div><\/div><\/div><\/div><\/div><\/div><\/div><\/div><div class=\"elementor-element elementor-element-9e64f3d e-flex e-con-boxed e-con e-parent e-lazyloaded\" data-id=\"9e64f3d\" data-element_type=\"container\"><div class=\"e-con-inner\"><div class=\"elementor-element elementor-element-3717fd3 elementor-post-navigation-borders-yes elementor-widget elementor-widget-post-navigation\" data-id=\"3717fd3\" data-element_type=\"widget\" data-widget_type=\"post-navigation.default\"><div class=\"elementor-widget-container\"><div class=\"elementor-post-navigation\"><div class=\"elementor-post-navigation__prev elementor-post-navigation__link\">\u00a0<\/div><\/div><\/div><\/div><\/div><\/div>\t\t\t\t\t\t\t\t<\/div>\n\t\t\t\t<\/div>\n\t\t\t\t<\/div>\n\t\t<div class=\"elementor-element elementor-element-65eb2804 e-con-full e-flex e-con e-child\" data-id=\"65eb2804\" data-element_type=\"container\">\n\t\t\t\t<div class=\"elementor-element elementor-element-1a75b8ef elementor-widget-tablet__width-inherit elementor-widget elementor-widget-image\" data-id=\"1a75b8ef\" data-element_type=\"widget\" data-widget_type=\"image.default\">\n\t\t\t\t<div class=\"elementor-widget-container\">\n\t\t\t\t\t\t\t\t\t\t\t\t\t\t\t<img fetchpriority=\"high\" decoding=\"async\" width=\"768\" height=\"1024\" src=\"https:\/\/www.leclosdesperles.com\/wp-content\/uploads\/2025\/02\/GettyImages-1962834549-768x1024.jpg\" class=\"attachment-large size-large wp-image-3898\" alt=\"\" srcset=\"https:\/\/www.leclosdesperles.com\/wp-content\/uploads\/2025\/02\/GettyImages-1962834549-768x1024.jpg 768w, https:\/\/www.leclosdesperles.com\/wp-content\/uploads\/2025\/02\/GettyImages-1962834549-225x300.jpg 225w, https:\/\/www.leclosdesperles.com\/wp-content\/uploads\/2025\/02\/GettyImages-1962834549-1152x1536.jpg 1152w, https:\/\/www.leclosdesperles.com\/wp-content\/uploads\/2025\/02\/GettyImages-1962834549-1536x2048.jpg 1536w, https:\/\/www.leclosdesperles.com\/wp-content\/uploads\/2025\/02\/GettyImages-1962834549-9x12.jpg 9w, https:\/\/www.leclosdesperles.com\/wp-content\/uploads\/2025\/02\/GettyImages-1962834549-scaled.jpg 1920w\" sizes=\"(max-width: 768px) 100vw, 768px\" title=\"\">\t\t\t\t\t\t\t\t\t\t\t\t\t\t\t<\/div>\n\t\t\t\t<\/div>\n\t\t\t\t<\/div>\n\t\t\t\t<\/div>\n\t\t<div class=\"elementor-element elementor-element-5be878d4 e-flex e-con-boxed e-con e-parent\" data-id=\"5be878d4\" data-element_type=\"container\">\n\t\t\t\t\t<div class=\"e-con-inner\">\n\t\t\t\t<div class=\"elementor-element elementor-element-222503aa elementor-widget elementor-widget-heading\" data-id=\"222503aa\" data-element_type=\"widget\" data-widget_type=\"heading.default\">\n\t\t\t\t<div class=\"elementor-widget-container\">\n\t\t\t\t\t<h2 class=\"elementor-heading-title elementor-size-default\">Discover our other destinations<\/h2>\t\t\t\t<\/div>\n\t\t\t\t<\/div>\n\t\t\t\t<div class=\"elementor-element elementor-element-64e172be elementor-widget-divider--view-line_icon elementor-view-default elementor-widget-divider--element-align-center elementor-widget elementor-widget-global elementor-global-364 elementor-widget-divider\" data-id=\"64e172be\" data-element_type=\"widget\" data-widget_type=\"divider.default\">\n\t\t\t\t<div class=\"elementor-widget-container\">\n\t\t\t\t\t\t\t<div class=\"elementor-divider\">\n\t\t\t<span class=\"elementor-divider-separator\">\n\t\t\t\t\t\t\t<div class=\"elementor-icon elementor-divider__element\">\n\t\t\t\t\t<i aria-hidden=\"true\" class=\"fas fa-dot-circle\"><\/i><\/div>\n\t\t\t\t\t\t<\/span>\n\t\t<\/div>\n\t\t\t\t\t\t<\/div>\n\t\t\t\t<\/div>\n\t\t<div class=\"elementor-element elementor-element-736d1686 e-flex e-con-boxed e-con e-child\" data-id=\"736d1686\" data-element_type=\"container\">\n\t\t\t\t\t<div class=\"e-con-inner\">\n\t\t<div class=\"elementor-element elementor-element-494258a8 e-flex e-con-boxed e-con e-child\" data-id=\"494258a8\" data-element_type=\"container\">\n\t\t\t\t\t<div class=\"e-con-inner\">\n\t\t\t\t<div class=\"elementor-element elementor-element-157bb6b2 animated-slow elementor-invisible elementor-widget elementor-widget-image\" data-id=\"157bb6b2\" data-element_type=\"widget\" data-settings=\"{&quot;_animation&quot;:&quot;fadeIn&quot;,&quot;_animation_delay&quot;:500}\" data-widget_type=\"image.default\">\n\t\t\t\t<div class=\"elementor-widget-container\">\n\t\t\t\t\t\t\t\t\t\t\t\t\t\t\t<img decoding=\"async\" width=\"2560\" height=\"1707\" src=\"https:\/\/www.leclosdesperles.com\/wp-content\/uploads\/2025\/01\/GettyImages-1215711049-scaled.jpg\" class=\"elementor-animation-sink attachment-full size-full wp-image-3953\" alt=\"\" srcset=\"https:\/\/www.leclosdesperles.com\/wp-content\/uploads\/2025\/01\/GettyImages-1215711049-scaled.jpg 2560w, https:\/\/www.leclosdesperles.com\/wp-content\/uploads\/2025\/01\/GettyImages-1215711049-300x200.jpg 300w, https:\/\/www.leclosdesperles.com\/wp-content\/uploads\/2025\/01\/GettyImages-1215711049-1024x683.jpg 1024w, https:\/\/www.leclosdesperles.com\/wp-content\/uploads\/2025\/01\/GettyImages-1215711049-768x512.jpg 768w, https:\/\/www.leclosdesperles.com\/wp-content\/uploads\/2025\/01\/GettyImages-1215711049-1536x1024.jpg 1536w, https:\/\/www.leclosdesperles.com\/wp-content\/uploads\/2025\/01\/GettyImages-1215711049-2048x1365.jpg 2048w, https:\/\/www.leclosdesperles.com\/wp-content\/uploads\/2025\/01\/GettyImages-1215711049-18x12.jpg 18w\" sizes=\"(max-width: 2560px) 100vw, 2560px\" title=\"\">\t\t\t\t\t\t\t\t\t\t\t\t\t\t\t<\/div>\n\t\t\t\t<\/div>\n\t\t<div class=\"elementor-element elementor-element-782157c1 e-flex e-con-boxed e-con e-child\" data-id=\"782157c1\" data-element_type=\"container\" data-settings=\"{&quot;background_background&quot;:&quot;classic&quot;}\">\n\t\t\t\t\t<div class=\"e-con-inner\">\n\t\t<div class=\"elementor-element elementor-element-708b773e e-flex e-con-boxed e-con e-child\" data-id=\"708b773e\" data-element_type=\"container\" data-settings=\"{&quot;background_background&quot;:&quot;classic&quot;}\">\n\t\t\t\t\t<div class=\"e-con-inner\">\n\t\t\t\t<div class=\"elementor-element elementor-element-1d4f5f92 elementor-widget elementor-widget-heading\" data-id=\"1d4f5f92\" data-element_type=\"widget\" data-widget_type=\"heading.default\">\n\t\t\t\t<div class=\"elementor-widget-container\">\n\t\t\t\t\t<h3 class=\"elementor-heading-title elementor-size-default\">Moustiers-Sainte-Marie<\/h3>\t\t\t\t<\/div>\n\t\t\t\t<\/div>\n\t\t\t\t<div class=\"elementor-element elementor-element-44f1ac97 elementor-align-center elementor-widget elementor-widget-button\" data-id=\"44f1ac97\" data-element_type=\"widget\" data-widget_type=\"button.default\">\n\t\t\t\t<div class=\"elementor-widget-container\">\n\t\t\t\t\t\t\t\t\t<div class=\"elementor-button-wrapper\">\n\t\t\t\t\t<a class=\"elementor-button elementor-button-link elementor-size-sm\" href=\"https:\/\/www.leclosdesperles.com\/en\/typical-provence-village\/unusual-accommodation-gorge-du-verdon\/\" target=\"_blank\">\n\t\t\t\t\t\t<span class=\"elementor-button-content-wrapper\">\n\t\t\t\t\t\t\t\t\t<span class=\"elementor-button-text\">See more<\/span>\n\t\t\t\t\t<\/span>\n\t\t\t\t\t<\/a>\n\t\t\t\t<\/div>\n\t\t\t\t\t\t\t\t<\/div>\n\t\t\t\t<\/div>\n\t\t\t\t\t<\/div>\n\t\t\t\t<\/div>\n\t\t\t\t\t<\/div>\n\t\t\t\t<\/div>\n\t\t\t\t\t<\/div>\n\t\t\t\t<\/div>\n\t\t<div class=\"elementor-element elementor-element-1eb24f56 e-flex e-con-boxed e-con e-child\" data-id=\"1eb24f56\" data-element_type=\"container\">\n\t\t\t\t\t<div class=\"e-con-inner\">\n\t\t\t\t<div class=\"elementor-element elementor-element-675abd2d animated-slow elementor-invisible elementor-widget elementor-widget-image\" data-id=\"675abd2d\" data-element_type=\"widget\" data-settings=\"{&quot;_animation&quot;:&quot;fadeIn&quot;,&quot;_animation_delay&quot;:500}\" data-widget_type=\"image.default\">\n\t\t\t\t<div class=\"elementor-widget-container\">\n\t\t\t\t\t\t\t\t\t\t\t\t\t\t\t<img decoding=\"async\" width=\"2560\" height=\"1708\" src=\"https:\/\/www.leclosdesperles.com\/wp-content\/uploads\/2025\/01\/GettyImages-1982736945-scaled.jpg\" class=\"elementor-animation-sink attachment-full size-full wp-image-3957\" alt=\"\" srcset=\"https:\/\/www.leclosdesperles.com\/wp-content\/uploads\/2025\/01\/GettyImages-1982736945-scaled.jpg 2560w, https:\/\/www.leclosdesperles.com\/wp-content\/uploads\/2025\/01\/GettyImages-1982736945-300x200.jpg 300w, https:\/\/www.leclosdesperles.com\/wp-content\/uploads\/2025\/01\/GettyImages-1982736945-1024x683.jpg 1024w, https:\/\/www.leclosdesperles.com\/wp-content\/uploads\/2025\/01\/GettyImages-1982736945-768x512.jpg 768w, https:\/\/www.leclosdesperles.com\/wp-content\/uploads\/2025\/01\/GettyImages-1982736945-1536x1025.jpg 1536w, https:\/\/www.leclosdesperles.com\/wp-content\/uploads\/2025\/01\/GettyImages-1982736945-2048x1366.jpg 2048w, https:\/\/www.leclosdesperles.com\/wp-content\/uploads\/2025\/01\/GettyImages-1982736945-18x12.jpg 18w\" sizes=\"(max-width: 2560px) 100vw, 2560px\" title=\"\">\t\t\t\t\t\t\t\t\t\t\t\t\t\t\t<\/div>\n\t\t\t\t<\/div>\n\t\t<div class=\"elementor-element elementor-element-54f72940 e-flex e-con-boxed e-con e-child\" data-id=\"54f72940\" data-element_type=\"container\" data-settings=\"{&quot;background_background&quot;:&quot;classic&quot;}\">\n\t\t\t\t\t<div class=\"e-con-inner\">\n\t\t<div class=\"elementor-element elementor-element-333354d e-flex e-con-boxed e-con e-child\" data-id=\"333354d\" data-element_type=\"container\" data-settings=\"{&quot;background_background&quot;:&quot;classic&quot;}\">\n\t\t\t\t\t<div class=\"e-con-inner\">\n\t\t\t\t<div class=\"elementor-element elementor-element-398e40d elementor-widget elementor-widget-heading\" data-id=\"398e40d\" data-element_type=\"widget\" data-widget_type=\"heading.default\">\n\t\t\t\t<div class=\"elementor-widget-container\">\n\t\t\t\t\t<h3 class=\"elementor-heading-title elementor-size-default\">Comps - Artuby bridge<\/h3>\t\t\t\t<\/div>\n\t\t\t\t<\/div>\n\t\t\t\t<div class=\"elementor-element elementor-element-1cedb533 elementor-align-center elementor-widget elementor-widget-button\" data-id=\"1cedb533\" data-element_type=\"widget\" data-widget_type=\"button.default\">\n\t\t\t\t<div class=\"elementor-widget-container\">\n\t\t\t\t\t\t\t\t\t<div class=\"elementor-button-wrapper\">\n\t\t\t\t\t<a class=\"elementor-button elementor-button-link elementor-size-sm\" href=\"https:\/\/www.leclosdesperles.com\/en\/typical-provence-village\/unusual-weekend-in-the-var\/\" target=\"_blank\">\n\t\t\t\t\t\t<span class=\"elementor-button-content-wrapper\">\n\t\t\t\t\t\t\t\t\t<span class=\"elementor-button-text\">See more<\/span>\n\t\t\t\t\t<\/span>\n\t\t\t\t\t<\/a>\n\t\t\t\t<\/div>\n\t\t\t\t\t\t\t\t<\/div>\n\t\t\t\t<\/div>\n\t\t\t\t\t<\/div>\n\t\t\t\t<\/div>\n\t\t\t\t\t<\/div>\n\t\t\t\t<\/div>\n\t\t\t\t\t<\/div>\n\t\t\t\t<\/div>\n\t\t<div class=\"elementor-element elementor-element-6e89e86 e-flex e-con-boxed e-con e-child\" data-id=\"6e89e86\" data-element_type=\"container\">\n\t\t\t\t\t<div class=\"e-con-inner\">\n\t\t\t\t<div class=\"elementor-element elementor-element-3594b02e animated-slow elementor-invisible elementor-widget elementor-widget-image\" data-id=\"3594b02e\" data-element_type=\"widget\" data-settings=\"{&quot;_animation&quot;:&quot;fadeIn&quot;,&quot;_animation_delay&quot;:500}\" data-widget_type=\"image.default\">\n\t\t\t\t<div class=\"elementor-widget-container\">\n\t\t\t\t\t\t\t\t\t\t\t\t\t\t\t<img loading=\"lazy\" decoding=\"async\" width=\"2121\" height=\"1414\" src=\"https:\/\/www.leclosdesperles.com\/wp-content\/uploads\/2025\/01\/GettyImages-1333054146.jpg\" class=\"elementor-animation-sink attachment-full size-full wp-image-3967\" alt=\"\" srcset=\"https:\/\/www.leclosdesperles.com\/wp-content\/uploads\/2025\/01\/GettyImages-1333054146.jpg 2121w, https:\/\/www.leclosdesperles.com\/wp-content\/uploads\/2025\/01\/GettyImages-1333054146-300x200.jpg 300w, https:\/\/www.leclosdesperles.com\/wp-content\/uploads\/2025\/01\/GettyImages-1333054146-1024x683.jpg 1024w, https:\/\/www.leclosdesperles.com\/wp-content\/uploads\/2025\/01\/GettyImages-1333054146-768x512.jpg 768w, https:\/\/www.leclosdesperles.com\/wp-content\/uploads\/2025\/01\/GettyImages-1333054146-1536x1024.jpg 1536w, https:\/\/www.leclosdesperles.com\/wp-content\/uploads\/2025\/01\/GettyImages-1333054146-2048x1365.jpg 2048w, https:\/\/www.leclosdesperles.com\/wp-content\/uploads\/2025\/01\/GettyImages-1333054146-18x12.jpg 18w\" sizes=\"(max-width: 2121px) 100vw, 2121px\" title=\"\">\t\t\t\t\t\t\t\t\t\t\t\t\t\t\t<\/div>\n\t\t\t\t<\/div>\n\t\t<div class=\"elementor-element elementor-element-6a1db972 e-flex e-con-boxed e-con e-child\" data-id=\"6a1db972\" data-element_type=\"container\" data-settings=\"{&quot;background_background&quot;:&quot;classic&quot;}\">\n\t\t\t\t\t<div class=\"e-con-inner\">\n\t\t<div class=\"elementor-element elementor-element-d3c625a e-flex e-con-boxed e-con e-child\" data-id=\"d3c625a\" data-element_type=\"container\" data-settings=\"{&quot;background_background&quot;:&quot;classic&quot;}\">\n\t\t\t\t\t<div class=\"e-con-inner\">\n\t\t\t\t<div class=\"elementor-element elementor-element-6e36d4e9 elementor-widget elementor-widget-heading\" data-id=\"6e36d4e9\" data-element_type=\"widget\" data-widget_type=\"heading.default\">\n\t\t\t\t<div class=\"elementor-widget-container\">\n\t\t\t\t\t<h3 class=\"elementor-heading-title elementor-size-default\">Sillans-la-Cascade<\/h3>\t\t\t\t<\/div>\n\t\t\t\t<\/div>\n\t\t\t\t<div class=\"elementor-element elementor-element-13ca8a62 elementor-align-center elementor-widget elementor-widget-button\" data-id=\"13ca8a62\" data-element_type=\"widget\" data-widget_type=\"button.default\">\n\t\t\t\t<div class=\"elementor-widget-container\">\n\t\t\t\t\t\t\t\t\t<div class=\"elementor-button-wrapper\">\n\t\t\t\t\t<a class=\"elementor-button elementor-button-link elementor-size-sm\" href=\"https:\/\/www.leclosdesperles.com\/en\/typical-provence-village\/hotel-sillans-la-cascade\/\" target=\"_blank\">\n\t\t\t\t\t\t<span class=\"elementor-button-content-wrapper\">\n\t\t\t\t\t\t\t\t\t<span class=\"elementor-button-text\">See more<\/span>\n\t\t\t\t\t<\/span>\n\t\t\t\t\t<\/a>\n\t\t\t\t<\/div>\n\t\t\t\t\t\t\t\t<\/div>\n\t\t\t\t<\/div>\n\t\t\t\t\t<\/div>\n\t\t\t\t<\/div>\n\t\t\t\t\t<\/div>\n\t\t\t\t<\/div>\n\t\t\t\t\t<\/div>\n\t\t\t\t<\/div>\n\t\t\t\t\t<\/div>\n\t\t\t\t<\/div>\n\t\t\t\t\t<\/div>\n\t\t\t\t<\/div>\n\t\t\t\t<\/div>","protected":false},"excerpt":{"rendered":"<p>Valensole et ses champs de lavande Valensole champ de lavande : une immersion au c\u0153ur de la Provence Le plateau de Valensole est l\u2019un des plus beaux sites de Provence, r\u00e9put\u00e9 pour ses vastes \u00e9tendues de lavande qui s\u2019\u00e9tendent \u00e0 perte de vue. Entre juin et juillet, les champs se parent d\u2019un violet \u00e9clatant, offrant [&hellip;]<\/p>","protected":false},"author":8,"featured_media":0,"parent":65,"menu_order":0,"comment_status":"closed","ping_status":"closed","template":"","meta":{"_acf_changed":false,"inline_featured_image":false,"footnotes":""},"class_list":["post-3702","page","type-page","status-publish","hentry"],"acf":[],"_links":{"self":[{"href":"https:\/\/www.leclosdesperles.com\/en\/wp-json\/wp\/v2\/pages\/3702","targetHints":{"allow":["GET"]}}],"collection":[{"href":"https:\/\/www.leclosdesperles.com\/en\/wp-json\/wp\/v2\/pages"}],"about":[{"href":"https:\/\/www.leclosdesperles.com\/en\/wp-json\/wp\/v2\/types\/page"}],"author":[{"embeddable":true,"href":"https:\/\/www.leclosdesperles.com\/en\/wp-json\/wp\/v2\/users\/8"}],"replies":[{"embeddable":true,"href":"https:\/\/www.leclosdesperles.com\/en\/wp-json\/wp\/v2\/comments?post=3702"}],"version-history":[{"count":16,"href":"https:\/\/www.leclosdesperles.com\/en\/wp-json\/wp\/v2\/pages\/3702\/revisions"}],"predecessor-version":[{"id":4945,"href":"https:\/\/www.leclosdesperles.com\/en\/wp-json\/wp\/v2\/pages\/3702\/revisions\/4945"}],"up":[{"embeddable":true,"href":"https:\/\/www.leclosdesperles.com\/en\/wp-json\/wp\/v2\/pages\/65"}],"wp:attachment":[{"href":"https:\/\/www.leclosdesperles.com\/en\/wp-json\/wp\/v2\/media?parent=3702"}],"curies":[{"name":"wp","href":"https:\/\/api.w.org\/{rel}","templated":true}]}}