{"id":2553,"date":"2023-09-14T15:14:22","date_gmt":"2023-09-14T13:14:22","guid":{"rendered":"https:\/\/www.leclosdesperles.com\/?page_id=2553"},"modified":"2025-06-25T15:41:46","modified_gmt":"2025-06-25T13:41:46","slug":"legal-information","status":"publish","type":"page","link":"https:\/\/www.leclosdesperles.com\/en\/legal-information\/","title":{"rendered":"Legal information"},"content":{"rendered":"<div data-elementor-type=\"wp-page\" data-elementor-id=\"2553\" class=\"elementor elementor-2553\" data-elementor-post-type=\"page\">\n\t\t\t\t<div class=\"elementor-element elementor-element-f3ce3ac e-con-full e-flex e-con e-parent\" data-id=\"f3ce3ac\" data-element_type=\"container\" data-settings=\"{&quot;background_background&quot;:&quot;classic&quot;}\">\n\t\t\t\t<div class=\"elementor-element elementor-element-bb211da elementor-widget elementor-widget-heading\" data-id=\"bb211da\" data-element_type=\"widget\" data-widget_type=\"heading.default\">\n\t\t\t\t<div class=\"elementor-widget-container\">\n\t\t\t\t\t<h1 class=\"elementor-heading-title elementor-size-default\">Legal information<\/h1>\t\t\t\t<\/div>\n\t\t\t\t<\/div>\n\t\t\t\t<\/div>\n\t\t<div class=\"elementor-element elementor-element-1ee1a69 e-flex e-con-boxed e-con e-parent\" data-id=\"1ee1a69\" data-element_type=\"container\">\n\t\t\t\t\t<div class=\"e-con-inner\">\n\t\t\t\t<div class=\"elementor-element elementor-element-96e968c elementor-widget elementor-widget-text-editor\" data-id=\"96e968c\" data-element_type=\"widget\" data-widget_type=\"text-editor.default\">\n\t\t\t\t<div class=\"elementor-widget-container\">\n\t\t\t\t\t\t\t\t\t<p><strong>Name of the operating company : <\/strong>CLOS DES PERLES<\/p><p><strong>Email : <\/strong>contact@leclosdesperles.com<\/p><p><strong>Telephone : <\/strong>06 09 37 61 49<\/p><p><strong>Photo credit :<\/strong> Eliophot \u00a9GettyImages \u00a9Clos des perles \u00a9Ga\u00ebl DELAITE<\/p><div><div data-elementor-type=\"wp-page\" data-elementor-id=\"840\" data-elementor-post-type=\"page\"><div data-id=\"2784abd\" data-element_type=\"container\" data-settings=\"{&quot;background_background&quot;:&quot;classic&quot;}\"><div data-id=\"00ac295\" data-element_type=\"widget\" data-widget_type=\"text-editor.default\"><div>\u00a0<\/div><div><h4><strong>Conditions of Sale and Cancellation<\/strong><\/h4><h5><br \/><strong>Cancellation and refund<\/strong><\/h5><p><br \/><strong>Full refund :<\/strong> You can obtain a full refund of your booking if the cancellation is made within 48 hours of confirmation of your booking.<\/p><p><br \/><strong>Partial refund :<\/strong> For cancellations made 15 days or more before the scheduled arrival date, a partial refund of 50% of the total amount of the reservation will be made.<\/p><p>\u00a0<\/p><p><strong>Non-refundable :<\/strong> No refunds will be given for cancellations made less than 15 days before the scheduled arrival date.<\/p><p>\u00a0<\/p><\/div><h4><strong>Internal Rules of the Clos des Perles<\/strong><\/h4><p><br \/>The purpose of these rules and regulations is to set out the rules for living and using the premises in order to ensure a pleasant and harmonious stay for all guests at Le Clos des Perles.<\/p><p>\u00a0<\/p><h5>Article 1: General information<\/h5><p><br \/>Respect for the premises: The customer undertakes to respect the peaceful nature of the premises and to use them in accordance with their intended purpose. They also undertake to return the accommodation in good condition.<br \/>Inventory: Accommodation must be left in a clean and tidy condition on departure.<br \/>Behaviour: Any noise or discussion likely to disturb other guests must be avoided, particularly during rest periods. Parties and events are not permitted in the establishment. Stag and hen parties are strictly forbidden.<\/p><h5><br \/>Article 2: Arrivals and Departures<\/h5><p><br \/>Arrival time: Arrivals are generally between 17:00 and 00:00. Please let the hotel know your arrival time in advance.<br \/>Departure time: Departure must be no later than 10.00 am.<br \/>Article 3: Capacity<br \/>The booking contract is drawn up for a specific number of people. If the number of guests exceeds this number, the owner is entitled to refuse additional guests.<br \/>Article 4: Pets<br \/>Pets are allowed on request and at no extra charge in certain accommodation. It is the customer's responsibility to ensure that their pet does not cause any nuisance or damage. Please note: The legal notice on the website may indicate that the establishment does not accept pets. It is therefore essential to confirm this information directly with the establishment at the time of booking.<br \/>Article 5: Use of equipment and facilities<br \/>Swimming pool: The swimming pool is heated from April to October, depending on weather conditions. Access to the pool is subject to the health and safety rules posted on site.<br \/>Balneotherapy: Balneotherapy is available at an additional cost (\u20ac60 for a 2.5-hour session for 2 people, payable on site), with direct access for some accommodation.<br \/>No smoking: The establishment is entirely non-smoking. Smoking is strictly prohibited inside the accommodation and enclosed communal areas.<br \/>Parking: Free private parking is available on site.<br \/>Article 6: Children and extra beds<br \/>This establishment cannot always accommodate baby cots or extra beds. Age restrictions may apply for certain types of accommodation (e.g. \"Only adults accepted\" or \"Children not accepted\" for certain offers). We recommend that you check the specific conditions of your booking.<br \/>Article 7: Liability<br \/>It is the customer's responsibility to check whether their main home insurance policy includes a holiday extension (holiday rental). The hirer certifies that he\/she is covered by civil liability insurance covering his\/her own liability and that of the persons accompanying him\/her.<br \/>Article 8: Disputes<br \/>In the event of a dispute, it is recommended that you refer to the legal notices on the Le Clos des Perles site for mediation and conflict resolution procedures.<br \/>These regulations may be supplemented by specific rules displayed on site or communicated at the time of booking.<\/p><div><p>\u00a0<\/p><\/div><\/div><\/div><\/div><\/div><div data-elementor-type=\"footer\" data-elementor-id=\"830\" data-elementor-post-type=\"elementor_library\"><div data-id=\"28f452a\" data-element_type=\"container\" data-settings=\"{&quot;background_background&quot;:&quot;classic&quot;}\"><div data-id=\"976e87e\" data-element_type=\"container\"><div data-id=\"2d44be7\" data-element_type=\"widget\" data-widget_type=\"image.default\"><p><strong>1. Purpose of the site<\/strong><br \/>The Clos des Perles website is dedicated to promoting the establishment, providing information and collecting personal data for the purposes of booking and managing customer relations.<br \/>Liability<br \/>Publication manager: Eliophot<br \/>Editorial manager: Eliophot<br \/>Webmaster, design, editing, hosting: Eliophot + host<br \/>2. Collection of personal data<br \/>The Clos des Perles website collects personal data online in order to book rooms and manage your stay.<br \/>In accordance with the French Data Protection Act, this site has been registered with the Commission Nationale Informatique et Libert\u00e9s (CNIL). You have the right to access, modify, rectify and delete any personal data concerning you. To exercise this right, please contact us at the following address: contact@leclosdesperles.com<\/p><p><strong>3. Intellectual property rights<\/strong><br \/>All information, content, logos, texts, images and other elements on the site are protected by French legislation and international conventions on intellectual property.<br \/>Any reproduction, distribution or modification, in whole or in part, without the prior authorisation of Clos des Perles is strictly prohibited, except for private or family use.<\/p><p><strong>4. Disputes and mediation<\/strong><br \/>In the event of a dispute, please contact our customer service department to try to resolve the problem amicably.<\/p><p>If no amicable solution is found, the consumer may refer the matter free of charge to a consumer mediator, namely the Association of European Mediators (AME CONSO), within one (1) year of the written complaint sent to the Hotel.<\/p><p>You can refer the matter to the Ombudsman:<br \/>Online, using the form available on the website: www.mediationconso-ame.com<br \/>By post, to the following address<br \/>AME CONSO - 11 place Dauphine - 75001 PARIS<\/p><p><strong>5. Applicable law and online dispute resolution<\/strong><br \/>In accordance with Article 14 of Regulation (EU) No 524\/2013, the European Commission provides an online dispute resolution (ODR) platform. You can access it via the following link:<br \/>\ud83d\udc49 https:\/\/ec.europa.eu\/consumers\/odr\/<\/p><p><strong>6. No right of withdrawal<\/strong><br \/>In accordance with article L.221-28 of the French Consumer Code, the right of withdrawal does not apply to accommodation services provided on a specific date or at specific intervals.<\/p><p><strong>7. Limited liability of the publisher<\/strong><br \/>The site publisher provides users with information and tools that it considers reliable. However, it cannot be held responsible for errors, the unavailability of functions or the presence of viruses on the site.<\/p><p>The information on this site is provided for information purposes only and should not be used as a substitute for personal advice. Under no circumstances does the publisher guarantee the accuracy, completeness or topicality of this information.<\/p><p>In addition, the site may contain links to third-party sites. The publisher accepts no responsibility for the content of these sites and cannot be held liable for any direct or indirect damage resulting from their use.<\/p><\/div><\/div><\/div><\/div>\t\t\t\t\t\t\t\t<\/div>\n\t\t\t\t<\/div>\n\t\t\t\t\t<\/div>\n\t\t\t\t<\/div>\n\t\t\t\t<\/div>","protected":false},"excerpt":{"rendered":"<p>Mentions l\u00e9gales Raison sociale de la soci\u00e9t\u00e9 exploitante : CLOS DES PERLES Email : contact@leclosdesperles.com T\u00e9l\u00e9phone : 06 09 37 61 49 Cr\u00e9dit photo : \u00a9Eliophot \u00a9GettyImages \u00a9Clos des perles \u00a9Ga\u00ebl DELAITE \u00a0 Conditions de Vente et d&rsquo;Annulation Annulation et Remboursement Remboursement int\u00e9gral : Vous pouvez obtenir un remboursement int\u00e9gral de votre r\u00e9servation si l&rsquo;annulation [&hellip;]<\/p>","protected":false},"author":13,"featured_media":0,"parent":0,"menu_order":0,"comment_status":"closed","ping_status":"closed","template":"","meta":{"_acf_changed":false,"inline_featured_image":false,"footnotes":""},"class_list":["post-2553","page","type-page","status-publish","hentry"],"acf":[],"_links":{"self":[{"href":"https:\/\/www.leclosdesperles.com\/en\/wp-json\/wp\/v2\/pages\/2553","targetHints":{"allow":["GET"]}}],"collection":[{"href":"https:\/\/www.leclosdesperles.com\/en\/wp-json\/wp\/v2\/pages"}],"about":[{"href":"https:\/\/www.leclosdesperles.com\/en\/wp-json\/wp\/v2\/types\/page"}],"author":[{"embeddable":true,"href":"https:\/\/www.leclosdesperles.com\/en\/wp-json\/wp\/v2\/users\/13"}],"replies":[{"embeddable":true,"href":"https:\/\/www.leclosdesperles.com\/en\/wp-json\/wp\/v2\/comments?post=2553"}],"version-history":[{"count":43,"href":"https:\/\/www.leclosdesperles.com\/en\/wp-json\/wp\/v2\/pages\/2553\/revisions"}],"predecessor-version":[{"id":5464,"href":"https:\/\/www.leclosdesperles.com\/en\/wp-json\/wp\/v2\/pages\/2553\/revisions\/5464"}],"wp:attachment":[{"href":"https:\/\/www.leclosdesperles.com\/en\/wp-json\/wp\/v2\/media?parent=2553"}],"curies":[{"name":"wp","href":"https:\/\/api.w.org\/{rel}","templated":true}]}}