{"id":1693,"date":"2023-09-12T10:45:49","date_gmt":"2023-09-12T08:45:49","guid":{"rendered":"https:\/\/www.leclosdesperles.com\/?page_id=1693"},"modified":"2025-11-21T12:23:05","modified_gmt":"2025-11-21T11:23:05","slug":"gift-vouchers","status":"publish","type":"page","link":"https:\/\/www.leclosdesperles.com\/en\/gift-vouchers\/","title":{"rendered":"Gift vouchers"},"content":{"rendered":"<div data-elementor-type=\"wp-page\" data-elementor-id=\"1693\" class=\"elementor elementor-1693\" data-elementor-post-type=\"page\">\n\t\t\t\t<div class=\"elementor-element elementor-element-7792680 e-con-full e-flex e-con e-parent\" data-id=\"7792680\" data-element_type=\"container\" id=\"top\" data-settings=\"{&quot;background_background&quot;:&quot;classic&quot;}\">\n\t\t\t\t<div class=\"elementor-element elementor-element-5b076c7 elementor-widget elementor-widget-heading\" data-id=\"5b076c7\" data-element_type=\"widget\" data-widget_type=\"heading.default\">\n\t\t\t\t<div class=\"elementor-widget-container\">\n\t\t\t\t\t<h1 class=\"elementor-heading-title elementor-size-default\">Gift vouchers<\/h1>\t\t\t\t<\/div>\n\t\t\t\t<\/div>\n\t\t\t\t<\/div>\n\t\t<div class=\"elementor-element elementor-element-4d4acbb e-flex e-con-boxed e-con e-parent\" data-id=\"4d4acbb\" data-element_type=\"container\" id=\"first-content\">\n\t\t\t\t\t<div class=\"e-con-inner\">\n\t\t\t\t<div class=\"elementor-element elementor-element-5b6bd87 elementor-widget elementor-widget-heading\" data-id=\"5b6bd87\" data-element_type=\"widget\" data-widget_type=\"heading.default\">\n\t\t\t\t<div class=\"elementor-widget-container\">\n\t\t\t\t\t<h2 class=\"elementor-heading-title elementor-size-default\">Gift vouchers<\/h2>\t\t\t\t<\/div>\n\t\t\t\t<\/div>\n\t\t\t\t<div class=\"elementor-element elementor-element-30470c4 elementor-widget-divider--view-line_icon elementor-view-default elementor-widget-divider--element-align-center elementor-widget elementor-widget-global elementor-global-364 elementor-widget-divider\" data-id=\"30470c4\" data-element_type=\"widget\" data-widget_type=\"divider.default\">\n\t\t\t\t<div class=\"elementor-widget-container\">\n\t\t\t\t\t\t\t<div class=\"elementor-divider\">\n\t\t\t<span class=\"elementor-divider-separator\">\n\t\t\t\t\t\t\t<div class=\"elementor-icon elementor-divider__element\">\n\t\t\t\t\t<i aria-hidden=\"true\" class=\"fas fa-dot-circle\"><\/i><\/div>\n\t\t\t\t\t\t<\/span>\n\t\t<\/div>\n\t\t\t\t\t\t<\/div>\n\t\t\t\t<\/div>\n\t\t\t\t\t<\/div>\n\t\t\t\t<\/div>\n\t\t<div class=\"elementor-element elementor-element-406b445 e-flex e-con-boxed e-con e-parent\" data-id=\"406b445\" data-element_type=\"container\">\n\t\t\t\t\t<div class=\"e-con-inner\">\n\t\t\t\t<div class=\"elementor-element elementor-element-375cca2 elementor-pagination-type-bullets elementor-grid-3 elementor-grid-tablet-2 elementor-grid-mobile-1 elementor-arrows-position-inside elementor-widget elementor-widget-offers-list\" data-id=\"375cca2\" data-element_type=\"widget\" data-settings=\"{&quot;element_skin&quot;:&quot;card&quot;,&quot;space_between&quot;:{&quot;unit&quot;:&quot;px&quot;,&quot;size&quot;:10,&quot;sizes&quot;:[]},&quot;space_between_tablet&quot;:{&quot;unit&quot;:&quot;px&quot;,&quot;size&quot;:10,&quot;sizes&quot;:[]},&quot;space_between_mobile&quot;:{&quot;unit&quot;:&quot;px&quot;,&quot;size&quot;:10,&quot;sizes&quot;:[]},&quot;effect&quot;:&quot;slide&quot;,&quot;autoplay&quot;:&quot;no&quot;,&quot;swiper_arrows&quot;:&quot;yes&quot;,&quot;chevrons_visible&quot;:&quot;hover&quot;,&quot;cursor_grab&quot;:&quot;yes&quot;,&quot;carousel_first_only&quot;:&quot;no&quot;,&quot;infinite&quot;:&quot;yes&quot;,&quot;pagination&quot;:&quot;bullets&quot;,&quot;categories_filter&quot;:[&quot;*&quot;],&quot;item_ignore_filter&quot;:[],&quot;validity_date_format&quot;:&quot;long&quot;,&quot;cards_columns&quot;:&quot;3&quot;,&quot;cards_columns_tablet&quot;:&quot;2&quot;,&quot;cards_columns_mobile&quot;:&quot;1&quot;,&quot;row_gap&quot;:{&quot;unit&quot;:&quot;px&quot;,&quot;size&quot;:35,&quot;sizes&quot;:[]}}\" data-widget_type=\"offers-list.default\">\n\t\t\t\t<div class=\"elementor-widget-container\">\n\t\t\t\t\t                        <div class=\"eliophot-offers eliophot-offers__wrapper eliophot-base-list elementor-grid\">\n                    <input type=\"hidden\" class=\"api_id\" value=\"\">\n                            <div\n                class=\"eliophot-offer__container eliophot-base-list__container elementor-grid-item   eliophot-offer__skin-card eliophot-offer_ID_5616\"\n                data-category=\"\"\n                data-title = \"Bon Cadeau : Le Charme Discret de La Petite Perle\"\n                data-name = \"bon-cadeau-le-charme-discret-de-la-petite-perle\"\n        >\n            \n        <div class=\"eliophot-carousel__slider elementor-swiper\">\n\n                            <div class=\"eliophot-carousel-wrapper elementor-main-swiper swiper\">\n                    <div class=\"elementor-image-carousel swiper-wrapper swiper-image-stretch\">\n                        <!-- Slides -->\n                                                    <div class=\"swiper-slide\">\n                                <div class=\"elementor-carousel-image slide-0-image\" style=\"background-image: url('https:\/\/www.leclosdesperles.com\/wp-content\/uploads\/2025\/06\/gites-le-clos-des-perles-9-min-scaled.jpg');\"><\/div>\n                                <link itemprop=\"image\" href=\"https:\/\/www.leclosdesperles.com\/wp-content\/uploads\/2025\/06\/gites-le-clos-des-perles-9-min-scaled.jpg\" \/>\n                            <\/div>\n                                            <\/div>\n\n                \n                <\/div>\n            \n        <\/div>\n        <div class=\"eliophot-offer__group\">            <div class=\"eliophot-offer__body\">\n                        <!-- TODO: if page link enabled -->\n        <h3 class=\"eliophot-offer__title\">\n            <span class=\"title_before\"><\/span>\n            <a  href=\"https:\/\/www.leclosdesperles.com\/en\/gift-vouchers\/le-charme-discret-de-la-petite-perle-gift-voucher\/\">\n                            Gift voucher: The Discreet Charm of La Petite Perle            <\/a>\n        <\/h3>\n                    <div class=\"eliophot-offer__summary\">\n                <p\n                                    >\n                    La Petite Perle: Discreet charm to offer (optional spa bath at \u20ac60).                <\/p>\n            <\/div>\n                        <\/div>\n\n            \n        <div class=\"eliophot-offer__cta\" itemprop=\"offers\" itemscope itemtype=\"https:\/\/schema.org\/Offer\">\n            <div class=\"eliophot-offer__cta_container\">\n                                    <input type=\"hidden\" name=\"id_offer\" value=\"5616\"\/>\n                    <div class=\"eliophot-offer__cta_title\" itemprop=\"priceSpecification\" itemscope itemtype=\"https:\/\/schema.org\/UnitPriceSpecification\">\n                                                    <span class=\"eliophot-offer__cta_heading\"><\/span>\n                            <span class=\"eliophot-offer__cta_unavail\" style=\"display: none\">No availability<\/span>\n\n                            <div class=\"eliophot-offer__cta_price\">\n                            <span class=\"eliophot-offer__price_tag\" >\n                                115                            <\/span>\n<!--                                --><!--                                    <meta itemprop=\"priceCurrency\" content=\"EUR\"\/><span class=\"--><!--__price_unit\">\u20ac \/<\/span>-->\n<!--                                --><!--                                    <span class=\"--><!--__price_unit\">\u20ac \/<\/span>-->\n<!--                                -->                                <meta itemprop=\"unitCode\" content=\"DAY\"\/>\n                                <span class=\"eliophot-offer__cta_time\">\u20ac<\/span>\n                                <meta itemprop=\"availability\" content=\"https:\/\/schema.org\/InStock\"\/>\n\n                            <\/div>\n                                            <\/div>\n\n                                <div class=\"eliophot-offer__cta_buttons\">\n                \n                        <a href=\"https:\/\/www.leclosdesperles.com\/en\/gift-vouchers\/le-charme-discret-de-la-petite-perle-gift-voucher\/\/#reservation\"                           target=\"_blank\" class=\"eliophot-offer__cta_button eliophot-offer__cta_button_main elementor-button-link elementor-button elementor-size-sm\">\n                            Book\n                        <\/a>\n                \n                                    <\/div>\n            <\/div>\n        <\/div>\n                    <\/div>        <\/div>\n                <div\n                class=\"eliophot-offer__container eliophot-base-list__container elementor-grid-item   eliophot-offer__skin-card eliophot-offer_ID_405\"\n                data-category=\"\"\n                data-title = \"Bon Cadeau : La S\u00e9r\u00e9nit\u00e9 \u00e0 L&#039;Autre Perle\"\n                data-name = \"bon-cadeau-la-serenite-a-l-autre-perle\"\n        >\n            \n        <div class=\"eliophot-carousel__slider elementor-swiper\">\n\n                            <div class=\"eliophot-carousel-wrapper elementor-main-swiper swiper\">\n                    <div class=\"elementor-image-carousel swiper-wrapper swiper-image-stretch\">\n                        <!-- Slides -->\n                                                    <div class=\"swiper-slide\">\n                                <div class=\"elementor-carousel-image slide-0-image\" style=\"background-image: url('https:\/\/www.leclosdesperles.com\/wp-content\/uploads\/2025\/06\/gites-le-clos-des-perles-35-min-scaled.jpg');\"><\/div>\n                                <link itemprop=\"image\" href=\"https:\/\/www.leclosdesperles.com\/wp-content\/uploads\/2025\/06\/gites-le-clos-des-perles-35-min-scaled.jpg\" \/>\n                            <\/div>\n                                            <\/div>\n\n                \n                <\/div>\n            \n        <\/div>\n        <div class=\"eliophot-offer__group\">            <div class=\"eliophot-offer__body\">\n                        <!-- TODO: if page link enabled -->\n        <h3 class=\"eliophot-offer__title\">\n            <span class=\"title_before\"><\/span>\n            <a  href=\"https:\/\/www.leclosdesperles.com\/en\/gift-vouchers\/la-serenite-a-lautre-perle-gift-voucher\/\">\n                            Gift voucher: Serenity at L'Autre Perle            <\/a>\n        <\/h3>\n                    <div class=\"eliophot-offer__summary\">\n                <p\n                                    >\n                    The ideal gift: Escape &amp; Relaxation (optional spa treatment at \u20ac60).                <\/p>\n            <\/div>\n                        <\/div>\n\n            \n        <div class=\"eliophot-offer__cta\" itemprop=\"offers\" itemscope itemtype=\"https:\/\/schema.org\/Offer\">\n            <div class=\"eliophot-offer__cta_container\">\n                                    <input type=\"hidden\" name=\"id_offer\" value=\"405\"\/>\n                    <div class=\"eliophot-offer__cta_title\" itemprop=\"priceSpecification\" itemscope itemtype=\"https:\/\/schema.org\/UnitPriceSpecification\">\n                                                    <span class=\"eliophot-offer__cta_heading\"><\/span>\n                            <span class=\"eliophot-offer__cta_unavail\" style=\"display: none\">No availability<\/span>\n\n                            <div class=\"eliophot-offer__cta_price\">\n                            <span class=\"eliophot-offer__price_tag\" >\n                                115                            <\/span>\n<!--                                --><!--                                    <meta itemprop=\"priceCurrency\" content=\"EUR\"\/><span class=\"--><!--__price_unit\">\u20ac \/<\/span>-->\n<!--                                --><!--                                    <span class=\"--><!--__price_unit\">\u20ac \/<\/span>-->\n<!--                                -->                                <meta itemprop=\"unitCode\" content=\"DAY\"\/>\n                                <span class=\"eliophot-offer__cta_time\">\u20ac<\/span>\n                                <meta itemprop=\"availability\" content=\"https:\/\/schema.org\/InStock\"\/>\n\n                            <\/div>\n                                            <\/div>\n\n                                <div class=\"eliophot-offer__cta_buttons\">\n                \n                        <a href=\"https:\/\/www.leclosdesperles.com\/en\/gift-vouchers\/la-serenite-a-lautre-perle-gift-voucher\/\/#reservation\"                           target=\"_blank\" class=\"eliophot-offer__cta_button eliophot-offer__cta_button_main elementor-button-link elementor-button elementor-size-sm\">\n                            Book\n                        <\/a>\n                \n                                    <\/div>\n            <\/div>\n        <\/div>\n                    <\/div>        <\/div>\n                <div\n                class=\"eliophot-offer__container eliophot-base-list__container elementor-grid-item   eliophot-offer__skin-card eliophot-offer_ID_402\"\n                data-category=\"\"\n                data-title = \"Bon Cadeau : L&#039;\u00c9chapp\u00e9e Magique en Cabane F\u00e9erique\"\n                data-name = \"bon-cadeau-l-echappee-magique-en-cabane-feerique\"\n        >\n            \n        <div class=\"eliophot-carousel__slider elementor-swiper\">\n\n                            <div class=\"eliophot-carousel-wrapper elementor-main-swiper swiper\">\n                    <div class=\"elementor-image-carousel swiper-wrapper swiper-image-stretch\">\n                        <!-- Slides -->\n                                                    <div class=\"swiper-slide\">\n                                <div class=\"elementor-carousel-image slide-0-image\" style=\"background-image: url('https:\/\/www.leclosdesperles.com\/wp-content\/uploads\/2025\/02\/IMG-20240927-WA0017-scaled.jpg');\"><\/div>\n                                <link itemprop=\"image\" href=\"https:\/\/www.leclosdesperles.com\/wp-content\/uploads\/2025\/02\/IMG-20240927-WA0017-scaled.jpg\" \/>\n                            <\/div>\n                                            <\/div>\n\n                \n                <\/div>\n            \n        <\/div>\n        <div class=\"eliophot-offer__group\">            <div class=\"eliophot-offer__body\">\n                        <!-- TODO: if page link enabled -->\n        <h3 class=\"eliophot-offer__title\">\n            <span class=\"title_before\"><\/span>\n            <a  href=\"https:\/\/www.leclosdesperles.com\/en\/gift-vouchers\/lechappee-magique-magic-cabin-gift-voucher\/\">\n                            Gift voucher: Magical Escape in a Fairytale Cabin            <\/a>\n        <\/h3>\n                    <div class=\"eliophot-offer__summary\">\n                <p\n                                    >\n                    This year, give the gift of an enchanted night!                <\/p>\n            <\/div>\n                        <\/div>\n\n            \n        <div class=\"eliophot-offer__cta\" itemprop=\"offers\" itemscope itemtype=\"https:\/\/schema.org\/Offer\">\n            <div class=\"eliophot-offer__cta_container\">\n                                    <input type=\"hidden\" name=\"id_offer\" value=\"402\"\/>\n                    <div class=\"eliophot-offer__cta_title\" itemprop=\"priceSpecification\" itemscope itemtype=\"https:\/\/schema.org\/UnitPriceSpecification\">\n                                                    <span class=\"eliophot-offer__cta_heading\"><\/span>\n                            <span class=\"eliophot-offer__cta_unavail\" style=\"display: none\">No availability<\/span>\n\n                            <div class=\"eliophot-offer__cta_price\">\n                            <span class=\"eliophot-offer__price_tag\" >\n                                135                            <\/span>\n<!--                                --><!--                                    <meta itemprop=\"priceCurrency\" content=\"EUR\"\/><span class=\"--><!--__price_unit\">\u20ac \/<\/span>-->\n<!--                                --><!--                                    <span class=\"--><!--__price_unit\">\u20ac \/<\/span>-->\n<!--                                -->                                <meta itemprop=\"unitCode\" content=\"DAY\"\/>\n                                <span class=\"eliophot-offer__cta_time\">\u20ac<\/span>\n                                <meta itemprop=\"availability\" content=\"https:\/\/schema.org\/InStock\"\/>\n\n                            <\/div>\n                                            <\/div>\n\n                                <div class=\"eliophot-offer__cta_buttons\">\n                \n                        <a href=\"https:\/\/www.leclosdesperles.com\/en\/gift-vouchers\/lechappee-magique-magic-cabin-gift-voucher\/\/#reservation\"                           target=\"_blank\" class=\"eliophot-offer__cta_button eliophot-offer__cta_button_main elementor-button-link elementor-button elementor-size-sm\">\n                            Book\n                        <\/a>\n                \n                                    <\/div>\n            <\/div>\n        <\/div>\n                    <\/div>        <\/div>\n                        <\/div>\n\n                \t\t\t\t<\/div>\n\t\t\t\t<\/div>\n\t\t\t\t\t<\/div>\n\t\t\t\t<\/div>\n\t\t\t\t<\/div>","protected":false},"excerpt":{"rendered":"<p>Bons cadeaux Bons cadeaux Bon Cadeau : L&#039;\u00c9chapp\u00e9e Magique en Cabane F\u00e9erique Cette ann\u00e9e, offrez une nuit enchant\u00e9e ! Aucune disponibilit\u00e9 135 \u20ac R\u00e9server Bon Cadeau : Le Charme Discret de La Petite Perle La Petite Perle : Le charme discret \u00e0 glisser sous le sapin. Aucune disponibilit\u00e9 115 \u20ac R\u00e9server Bon Cadeau : La [&hellip;]<\/p>","protected":false},"author":13,"featured_media":0,"parent":0,"menu_order":0,"comment_status":"closed","ping_status":"closed","template":"","meta":{"_acf_changed":false,"inline_featured_image":false,"footnotes":""},"class_list":["post-1693","page","type-page","status-publish","hentry"],"acf":[],"_links":{"self":[{"href":"https:\/\/www.leclosdesperles.com\/en\/wp-json\/wp\/v2\/pages\/1693","targetHints":{"allow":["GET"]}}],"collection":[{"href":"https:\/\/www.leclosdesperles.com\/en\/wp-json\/wp\/v2\/pages"}],"about":[{"href":"https:\/\/www.leclosdesperles.com\/en\/wp-json\/wp\/v2\/types\/page"}],"author":[{"embeddable":true,"href":"https:\/\/www.leclosdesperles.com\/en\/wp-json\/wp\/v2\/users\/13"}],"replies":[{"embeddable":true,"href":"https:\/\/www.leclosdesperles.com\/en\/wp-json\/wp\/v2\/comments?post=1693"}],"version-history":[{"count":134,"href":"https:\/\/www.leclosdesperles.com\/en\/wp-json\/wp\/v2\/pages\/1693\/revisions"}],"predecessor-version":[{"id":5621,"href":"https:\/\/www.leclosdesperles.com\/en\/wp-json\/wp\/v2\/pages\/1693\/revisions\/5621"}],"wp:attachment":[{"href":"https:\/\/www.leclosdesperles.com\/en\/wp-json\/wp\/v2\/media?parent=1693"}],"curies":[{"name":"wp","href":"https:\/\/api.w.org\/{rel}","templated":true}]}}